{"id":10475,"date":"2020-10-02T15:13:13","date_gmt":"2020-10-02T15:13:13","guid":{"rendered":"https:\/\/www.iep.pt\/news\/"},"modified":"2021-11-24T14:50:00","modified_gmt":"2021-11-24T14:50:00","slug":"news","status":"publish","type":"page","link":"https:\/\/www.iep.pt\/en\/news\/","title":{"rendered":"News"},"content":{"rendered":"\t\t<div data-elementor-type=\"wp-page\" data-elementor-id=\"10475\" class=\"elementor elementor-10475 elementor-8962\">\n\t\t\t\t\t\t<div class=\"elementor-inner\">\n\t\t\t\t<div class=\"elementor-section-wrap\">\n\t\t\t\t\t\t\t\t\t<section class=\"elementor-section elementor-top-section elementor-element elementor-element-cba9b1a elementor-section-height-min-height elementor-section-boxed elementor-section-height-default elementor-section-items-middle\" data-id=\"cba9b1a\" data-element_type=\"section\" data-settings=\"{&quot;background_background&quot;:&quot;classic&quot;}\">\n\t\t\t\t\t\t<div class=\"elementor-container elementor-column-gap-default\">\n\t\t\t\t\t\t\t<div class=\"elementor-row\">\n\t\t\t\t\t<div class=\"elementor-column elementor-col-100 elementor-top-column elementor-element elementor-element-0c2cc00\" data-id=\"0c2cc00\" data-element_type=\"column\">\n\t\t\t<div class=\"elementor-column-wrap\">\n\t\t\t\t\t\t\t<div class=\"elementor-widget-wrap\">\n\t\t\t\t\t\t\t\t<\/div>\n\t\t\t\t\t<\/div>\n\t\t<\/div>\n\t\t\t\t\t\t\t\t<\/div>\n\t\t\t\t\t<\/div>\n\t\t<\/section>\n\t\t\t\t<section class=\"elementor-section elementor-top-section elementor-element elementor-element-c25feca elementor-section-boxed elementor-section-height-default elementor-section-height-default\" data-id=\"c25feca\" data-element_type=\"section\">\n\t\t\t\t\t\t<div class=\"elementor-container elementor-column-gap-default\">\n\t\t\t\t\t\t\t<div class=\"elementor-row\">\n\t\t\t\t\t<div class=\"elementor-column elementor-col-100 elementor-top-column elementor-element elementor-element-62d613f\" data-id=\"62d613f\" data-element_type=\"column\">\n\t\t\t<div class=\"elementor-column-wrap elementor-element-populated\">\n\t\t\t\t\t\t\t<div class=\"elementor-widget-wrap\">\n\t\t\t\t\t\t<div class=\"elementor-element elementor-element-c4818ac elementor-widget elementor-widget-heading\" data-id=\"c4818ac\" data-element_type=\"widget\" data-widget_type=\"heading.default\">\n\t\t\t\t<div class=\"elementor-widget-container\">\n\t\t\t<h2 class=\"elementor-heading-title elementor-size-default\">Our <span style=\"color: #00b0a5;\">News<\/span><\/h2>\t\t<\/div>\n\t\t\t\t<\/div>\n\t\t\t\t<div class=\"elementor-element elementor-element-1e7ec90 elementor-widget elementor-widget-uael-posts\" data-id=\"1e7ec90\" data-element_type=\"widget\" data-settings=\"{&quot;feed_slides_to_show_tablet&quot;:2,&quot;feed_slides_to_show_mobile&quot;:1}\" data-widget_type=\"uael-posts.feed\">\n\t\t\t\t<div class=\"elementor-widget-container\">\n\t\t\t\t\t<div class=\"uael-post__header\">\n\t\t\t\t\t<\/div>\n\t\t<div class=\"uael-post__body\">\n\t\t\t\n\t\t\n\t\t<div class=\"uael-post-grid uael-posts\" data-query-type=\"custom\" data-structure=\"\" data-layout=\"\" data-page=\"10475\" data-skin=\"feed\" data-filter-default=\"\" data-offset-top=\"30\" >\n\n\t\t\t\t\t\t\t<div class=\"uael-post-grid__inner uael-post__columns-1 uael-post__columns-tablet-1 uael-post__columns-mobile-1 uael-post-infinite-scroll uael-post-infinite__event-scroll\">\n\t\t\t\n\n<div class=\"uael-post-wrapper  normaliza\u00e7\u00e3o \">\n\n\t<div class=\"uael-post__bg-wrap\">\n\t\t\n\t\t\n\t\t<div class=\"uael-post__inner-wrap \">\n\n\t\t\t\t<div class=\"uael-post__thumbnail\">\n\t\t\t\n\t\t\t<a href=\"https:\/\/www.iep.pt\/en\/iec-61000-4-62023\/\" target=\"_self\" title=\"IEC 61000-4-6:2023\"><img width=\"570\" height=\"299\" src=\"https:\/\/www.iep.pt\/wp-content\/uploads\/2023\/04\/radio-frequencia.jpg\" class=\"attachment-full size-full\" alt=\"IEC 61000-4-6:2023\" loading=\"lazy\" \/><\/a>\n\t\t\t\t\t<\/div>\n\t\t\n\t\t\t\n\t\t\t<div class=\"uael-post__content-wrap\">\n\n\t\t\t<span class=\"uael-post__terms\"><a href=\"https:\/\/www.iep.pt\/en\/category\/normalizacao-en\/\" class=\"uael-listing__terms-link\" id=\"uael-post-term-normalizacao-en\" aria-labelledby=\"uael-post-term-normalizacao-en\">Normaliza\u00e7\u00e3o<\/a><\/span>\t\t<h3 class=\"uael-post__title\">\n\n\t\t\n\t\t\t\t\t\t<a href=\"https:\/\/www.iep.pt\/en\/iec-61000-4-62023\/\" target=\"_self\">\n\t\t\t\tIEC 61000-4-6:2023\t\t\t<\/a>\n\n\t\t\t\t<\/h3>\n\t\t<div class=\"uael-post__separator\"><\/div>\n\t\t<div class=\"uael-post__excerpt\">\n\t\t\t<p>IEC 61000-4-6:2023 PRV &#8211; Electromagnetic compatibility (EMC) &#8211; Part 4-6: Testing and measurement techniques &#8211; Immunity to conducted disturbances, induced by radio-frequency fields This Final &#8230;<\/p>\n\t\t<\/div>\n\n\t\t\t\t\t<div class=\"uael-post__meta-data\">\n\t\t\t\t\t<span class=\"uael-post__date\">\n\t\t\t\t\t\t\t\t\t\t\t\t\t<i aria-hidden=\"true\" class=\"fa fa-calendar\"><\/i>\t\t\t\t\t\t\t\t\t\n\t\t\t6 April, 2023\t\t<\/span>\n\t\t\t\t<\/div>\n\t\t\t\t\t<\/div>\n\t\t\t\n\t\t<\/div>\n\t\t\n\t<\/div>\n\n<\/div>\n\n\n<div class=\"uael-post-wrapper  normaliza\u00e7\u00e3o \">\n\n\t<div class=\"uael-post__bg-wrap\">\n\t\t\n\t\t\n\t\t<div class=\"uael-post__inner-wrap \">\n\n\t\t\t\t<div class=\"uael-post__thumbnail\">\n\t\t\t\n\t\t\t<a href=\"https:\/\/www.iep.pt\/en\/cispr-16-2-3-amd22023-prv-amendment-2\/\" target=\"_self\" title=\"CISPR 16-2-3\/AMD2:2023 PRV Amendment 2 &#8211; Specification for radio disturbance and immunity measuring apparatus and methods\"><img width=\"570\" height=\"299\" src=\"https:\/\/www.iep.pt\/wp-content\/uploads\/2023\/04\/artigo-1.jpg\" class=\"attachment-full size-full\" alt=\"ondas radio\" loading=\"lazy\" \/><\/a>\n\t\t\t\t\t<\/div>\n\t\t\n\t\t\t\n\t\t\t<div class=\"uael-post__content-wrap\">\n\n\t\t\t<span class=\"uael-post__terms\"><a href=\"https:\/\/www.iep.pt\/en\/category\/normalizacao-en\/\" class=\"uael-listing__terms-link\" id=\"uael-post-term-normalizacao-en\" aria-labelledby=\"uael-post-term-normalizacao-en\">Normaliza\u00e7\u00e3o<\/a><\/span>\t\t<h3 class=\"uael-post__title\">\n\n\t\t\n\t\t\t\t\t\t<a href=\"https:\/\/www.iep.pt\/en\/cispr-16-2-3-amd22023-prv-amendment-2\/\" target=\"_self\">\n\t\t\t\tCISPR 16-2-3\/AMD2:2023 PRV Amendment 2 &#8211; Specification for radio disturbance and immunity measuring apparatus and methods\t\t\t<\/a>\n\n\t\t\t\t<\/h3>\n\t\t<div class=\"uael-post__separator\"><\/div>\n\t\t<div class=\"uael-post__excerpt\">\n\t\t\t<p>CISPR 16-2-3\/AMD2:2023 PRV Amendment 2 &#8211; Specification for radio disturbance and immunity measuring apparatus and methods &#8211; Part 2-3: Methods of measurement of disturbances and &#8230;<\/p>\n\t\t<\/div>\n\n\t\t\t\t\t<div class=\"uael-post__meta-data\">\n\t\t\t\t\t<span class=\"uael-post__date\">\n\t\t\t\t\t\t\t\t\t\t\t\t\t<i aria-hidden=\"true\" class=\"fa fa-calendar\"><\/i>\t\t\t\t\t\t\t\t\t\n\t\t\t6 April, 2023\t\t<\/span>\n\t\t\t\t<\/div>\n\t\t\t\t\t<\/div>\n\t\t\t\n\t\t<\/div>\n\t\t\n\t<\/div>\n\n<\/div>\n\n\n<div class=\"uael-post-wrapper  normaliza\u00e7\u00e3o \">\n\n\t<div class=\"uael-post__bg-wrap\">\n\t\t\n\t\t\n\t\t<div class=\"uael-post__inner-wrap \">\n\n\t\t\t\t<div class=\"uael-post__thumbnail\">\n\t\t\t\n\t\t\t<a href=\"https:\/\/www.iep.pt\/en\/iec-60268-232023\/\" target=\"_self\" title=\"IEC 60268-23:2023 &#8211; Sound system equipment &#8211; Part 23: TVs and monitors &#8211; Loudspeaker systems\"><img width=\"570\" height=\"299\" src=\"https:\/\/www.iep.pt\/wp-content\/uploads\/2023\/03\/tv_audio_system.png\" class=\"attachment-full size-full\" alt=\"\" loading=\"lazy\" \/><\/a>\n\t\t\t\t\t<\/div>\n\t\t\n\t\t\t\n\t\t\t<div class=\"uael-post__content-wrap\">\n\n\t\t\t<span class=\"uael-post__terms\"><a href=\"https:\/\/www.iep.pt\/en\/category\/normalizacao-en\/\" class=\"uael-listing__terms-link\" id=\"uael-post-term-normalizacao-en\" aria-labelledby=\"uael-post-term-normalizacao-en\">Normaliza\u00e7\u00e3o<\/a><\/span>\t\t<h3 class=\"uael-post__title\">\n\n\t\t\n\t\t\t\t\t\t<a href=\"https:\/\/www.iep.pt\/en\/iec-60268-232023\/\" target=\"_self\">\n\t\t\t\tIEC 60268-23:2023 &#8211; Sound system equipment &#8211; Part 23: TVs and monitors &#8211; Loudspeaker systems\t\t\t<\/a>\n\n\t\t\t\t<\/h3>\n\t\t<div class=\"uael-post__separator\"><\/div>\n\t\t<div class=\"uael-post__excerpt\">\n\t\t\t<p>Measuring the sound quality of TV sets A new international standard, IEC 60268-23, specifies acoustical measurement methods for television sets, monitors with built-in loudspeakers and &#8230;<\/p>\n\t\t<\/div>\n\n\t\t\t\t\t<div class=\"uael-post__meta-data\">\n\t\t\t\t\t<span class=\"uael-post__date\">\n\t\t\t\t\t\t\t\t\t\t\t\t\t<i aria-hidden=\"true\" class=\"fa fa-calendar\"><\/i>\t\t\t\t\t\t\t\t\t\n\t\t\t24 March, 2023\t\t<\/span>\n\t\t\t\t<\/div>\n\t\t\t\t\t<\/div>\n\t\t\t\n\t\t<\/div>\n\t\t\n\t<\/div>\n\n<\/div>\n\n\n<div class=\"uael-post-wrapper  normaliza\u00e7\u00e3o \">\n\n\t<div class=\"uael-post__bg-wrap\">\n\t\t\n\t\t\n\t\t<div class=\"uael-post__inner-wrap \">\n\n\t\t\t\t<div class=\"uael-post__thumbnail\">\n\t\t\t\n\t\t\t<a href=\"https:\/\/www.iep.pt\/en\/iec-60350-12023\/\" target=\"_self\" title=\"IEC 60350-1:2023\"><img width=\"570\" height=\"299\" src=\"https:\/\/www.iep.pt\/wp-content\/uploads\/2023\/03\/ARTIGOS-SITE-IEP.jpg\" class=\"attachment-full size-full\" alt=\"IEC 60350-1:2023\" loading=\"lazy\" \/><\/a>\n\t\t\t\t\t<\/div>\n\t\t\n\t\t\t\n\t\t\t<div class=\"uael-post__content-wrap\">\n\n\t\t\t<span class=\"uael-post__terms\"><a href=\"https:\/\/www.iep.pt\/en\/category\/normalizacao-en\/\" class=\"uael-listing__terms-link\" id=\"uael-post-term-normalizacao-en\" aria-labelledby=\"uael-post-term-normalizacao-en\">Normaliza\u00e7\u00e3o<\/a><\/span>\t\t<h3 class=\"uael-post__title\">\n\n\t\t\n\t\t\t\t\t\t<a href=\"https:\/\/www.iep.pt\/en\/iec-60350-12023\/\" target=\"_self\">\n\t\t\t\tIEC 60350-1:2023\t\t\t<\/a>\n\n\t\t\t\t<\/h3>\n\t\t<div class=\"uael-post__separator\"><\/div>\n\t\t<div class=\"uael-post__excerpt\">\n\t\t\t<p>IEC 60350-1:2023 | Household electric cooking appliances &#8211; Part 1: Ranges, ovens, steam ovens and grills &#8211; Methods for measuring performance Appareils de cuisson \u00e9lectrodomestiques &#8230;<\/p>\n\t\t<\/div>\n\n\t\t\t\t\t<div class=\"uael-post__meta-data\">\n\t\t\t\t\t<span class=\"uael-post__date\">\n\t\t\t\t\t\t\t\t\t\t\t\t\t<i aria-hidden=\"true\" class=\"fa fa-calendar\"><\/i>\t\t\t\t\t\t\t\t\t\n\t\t\t22 March, 2023\t\t<\/span>\n\t\t\t\t<\/div>\n\t\t\t\t\t<\/div>\n\t\t\t\n\t\t<\/div>\n\t\t\n\t<\/div>\n\n<\/div>\n\n\n<div class=\"uael-post-wrapper  normaliza\u00e7\u00e3o \">\n\n\t<div class=\"uael-post__bg-wrap\">\n\t\t\n\t\t\n\t\t<div class=\"uael-post__inner-wrap \">\n\n\t\t\t\t<div class=\"uael-post__thumbnail\">\n\t\t\t\n\t\t\t<a href=\"https:\/\/www.iep.pt\/en\/iec-60364-4-432023\/\" target=\"_self\" title=\"IEC 60364-4-43:2023\"><img width=\"570\" height=\"299\" src=\"https:\/\/www.iep.pt\/wp-content\/uploads\/2023\/03\/IEC-60364-4-432023-Low-voltage-electrical-installations-Part-4-43-Protection-for-safety-Protection-against-overcurrent.png\" class=\"attachment-full size-full\" alt=\"IEC 60364-4-43:2023\" loading=\"lazy\" \/><\/a>\n\t\t\t\t\t<\/div>\n\t\t\n\t\t\t\n\t\t\t<div class=\"uael-post__content-wrap\">\n\n\t\t\t<span class=\"uael-post__terms\"><a href=\"https:\/\/www.iep.pt\/en\/category\/normalizacao-en\/\" class=\"uael-listing__terms-link\" id=\"uael-post-term-normalizacao-en\" aria-labelledby=\"uael-post-term-normalizacao-en\">Normaliza\u00e7\u00e3o<\/a><\/span>\t\t<h3 class=\"uael-post__title\">\n\n\t\t\n\t\t\t\t\t\t<a href=\"https:\/\/www.iep.pt\/en\/iec-60364-4-432023\/\" target=\"_self\">\n\t\t\t\tIEC 60364-4-43:2023\t\t\t<\/a>\n\n\t\t\t\t<\/h3>\n\t\t<div class=\"uael-post__separator\"><\/div>\n\t\t<div class=\"uael-post__excerpt\">\n\t\t\t<p>IEC 60364-4-43:2023 | Low-voltage electrical installations &#8211; Part 4-43: Protection for safety &#8211; Protection against overcurrent This Final Draft International Standard is an up to &#8230;<\/p>\n\t\t<\/div>\n\n\t\t\t\t\t<div class=\"uael-post__meta-data\">\n\t\t\t\t\t<span class=\"uael-post__date\">\n\t\t\t\t\t\t\t\t\t\t\t\t\t<i aria-hidden=\"true\" class=\"fa fa-calendar\"><\/i>\t\t\t\t\t\t\t\t\t\n\t\t\t15 March, 2023\t\t<\/span>\n\t\t\t\t<\/div>\n\t\t\t\t\t<\/div>\n\t\t\t\n\t\t<\/div>\n\t\t\n\t<\/div>\n\n<\/div>\n\t\t\t\t<\/div>\n\t\t\t\t\t\t<div class=\"uael-post-inf-loader\">\n\t\t\t\t<div class=\"uael-post-loader-1\"><\/div>\n\t\t\t\t<div class=\"uael-post-loader-2\"><\/div>\n\t\t\t\t<div class=\"uael-post-loader-3\"><\/div>\n\t\t\t<\/div>\n\t\t\t\t\t\t\n\t\t<\/div>\n\n\t\t\t\t\t\t<\/div>\n\t\t<div class=\"uael-post__footer\">\n\t\t\t\t\t\t<nav class=\"uael-grid-pagination\" style=\"display:none;\" role=\"navigation\" aria-label=\"Pagination\" data-total=\"17\" data-next-page=\"2\">\n\t\t\t\t\n\t\t\t<\/nav>\n\n\t\t\t\t\t<\/div>\n\t\t\t\t<\/div>\n\t\t\t\t<\/div>\n\t\t\t\t\t\t<\/div>\n\t\t\t\t\t<\/div>\n\t\t<\/div>\n\t\t\t\t\t\t\t\t<\/div>\n\t\t\t\t\t<\/div>\n\t\t<\/section>\n\t\t\t\t\t\t\t\t\t<\/div>\n\t\t\t<\/div>\n\t\t\t\t\t<\/div>\n\t\t","protected":false},"excerpt":{"rendered":"<p>Our News Uncategorized Inspe\u00e7\u00f5es peri\u00f3dicas \u00e0s instala\u00e7\u00f5es el\u00e9tricas Em artigo publicado na revista &#8220;O Instalador&#8221;, Pedro Cardoso, Gestor Comercial no IEP, questiona para quando a publica\u00e7\u00e3o da legisla\u00e7\u00e3o das metodologias &hellip;<\/p>\n<p class=\"read-more\"> <a class=\"ast-button\" href=\"https:\/\/www.iep.pt\/en\/iec-60364-4-432023\/\"> <span class=\"screen-reader-text\">IEC 60364-4-43:2023<\/span> Descubra mais<\/a><\/p>\n","protected":false},"author":2,"featured_media":0,"parent":0,"menu_order":0,"comment_status":"closed","ping_status":"closed","template":"","meta":{"spay_email":""},"acf":[],"_links":{"self":[{"href":"https:\/\/www.iep.pt\/en\/wp-json\/wp\/v2\/pages\/10475"}],"collection":[{"href":"https:\/\/www.iep.pt\/en\/wp-json\/wp\/v2\/pages"}],"about":[{"href":"https:\/\/www.iep.pt\/en\/wp-json\/wp\/v2\/types\/page"}],"author":[{"embeddable":true,"href":"https:\/\/www.iep.pt\/en\/wp-json\/wp\/v2\/users\/2"}],"replies":[{"embeddable":true,"href":"https:\/\/www.iep.pt\/en\/wp-json\/wp\/v2\/comments?post=10475"}],"version-history":[{"count":0,"href":"https:\/\/www.iep.pt\/en\/wp-json\/wp\/v2\/pages\/10475\/revisions"}],"wp:attachment":[{"href":"https:\/\/www.iep.pt\/en\/wp-json\/wp\/v2\/media?parent=10475"}],"curies":[{"name":"wp","href":"https:\/\/api.w.org\/{rel}","templated":true}]}}