{"id":12758,"date":"2021-08-16T14:40:39","date_gmt":"2021-08-16T14:40:39","guid":{"rendered":"https:\/\/www.iep.pt\/instalaciones-de-combustibles\/"},"modified":"2021-08-16T14:40:41","modified_gmt":"2021-08-16T14:40:41","slug":"instalaciones-de-combustibles","status":"publish","type":"page","link":"https:\/\/www.iep.pt\/es\/servicios\/inspecciones\/instalaciones-de-combustibles\/","title":{"rendered":"INSTALACIONES DE COMBUSTIBLES"},"content":{"rendered":"\t\t<div data-elementor-type=\"wp-page\" data-elementor-id=\"12758\" class=\"elementor elementor-12758 elementor-9264\">\n\t\t\t\t\t\t<div class=\"elementor-inner\">\n\t\t\t\t<div class=\"elementor-section-wrap\">\n\t\t\t\t\t\t\t\t\t<section class=\"elementor-section elementor-top-section elementor-element elementor-element-c62d6fd elementor-section-height-min-height elementor-section-full_width elementor-section-height-default elementor-section-items-middle\" data-id=\"c62d6fd\" data-element_type=\"section\" data-settings=\"{&quot;background_background&quot;:&quot;classic&quot;}\">\n\t\t\t\t\t\t<div class=\"elementor-container elementor-column-gap-default\">\n\t\t\t\t\t\t\t<div class=\"elementor-row\">\n\t\t\t\t\t<div class=\"elementor-column elementor-col-100 elementor-top-column elementor-element elementor-element-820e9db\" data-id=\"820e9db\" data-element_type=\"column\">\n\t\t\t<div class=\"elementor-column-wrap\">\n\t\t\t\t\t\t\t<div class=\"elementor-widget-wrap\">\n\t\t\t\t\t\t\t\t<\/div>\n\t\t\t\t\t<\/div>\n\t\t<\/div>\n\t\t\t\t\t\t\t\t<\/div>\n\t\t\t\t\t<\/div>\n\t\t<\/section>\n\t\t\t\t<section class=\"elementor-section elementor-top-section elementor-element elementor-element-80268e6 elementor-section-boxed elementor-section-height-default elementor-section-height-default\" data-id=\"80268e6\" data-element_type=\"section\">\n\t\t\t\t\t\t<div class=\"elementor-container elementor-column-gap-default\">\n\t\t\t\t\t\t\t<div class=\"elementor-row\">\n\t\t\t\t\t<div class=\"elementor-column elementor-col-50 elementor-top-column elementor-element elementor-element-1671e74\" data-id=\"1671e74\" data-element_type=\"column\">\n\t\t\t<div class=\"elementor-column-wrap elementor-element-populated\">\n\t\t\t\t\t\t\t<div class=\"elementor-widget-wrap\">\n\t\t\t\t\t\t<div class=\"elementor-element elementor-element-dde0249 elementor-widget elementor-widget-heading\" data-id=\"dde0249\" data-element_type=\"widget\" data-widget_type=\"heading.default\">\n\t\t\t\t<div class=\"elementor-widget-container\">\n\t\t\t<h2 class=\"elementor-heading-title elementor-size-default\">INSTALACIONES DE COMBUSTIBLES <\/h2>\t\t<\/div>\n\t\t\t\t<\/div>\n\t\t\t\t\t\t<\/div>\n\t\t\t\t\t<\/div>\n\t\t<\/div>\n\t\t\t\t<div class=\"elementor-column elementor-col-50 elementor-top-column elementor-element elementor-element-ac9ffac\" data-id=\"ac9ffac\" data-element_type=\"column\">\n\t\t\t<div class=\"elementor-column-wrap elementor-element-populated\">\n\t\t\t\t\t\t\t<div class=\"elementor-widget-wrap\">\n\t\t\t\t\t\t<div class=\"elementor-element elementor-element-2d0be25 elementor-widget elementor-widget-text-editor\" data-id=\"2d0be25\" data-element_type=\"widget\" data-widget_type=\"text-editor.default\">\n\t\t\t\t<div class=\"elementor-widget-container\">\n\t\t\t\t\t\t\t\t<div class=\"elementor-text-editor elementor-clearfix\">\n\t\t\t\t<p><span style=\"font-weight: 400;\">El IEP est\u00e1 reconocido por la Direcci\u00f3n General de Energ\u00eda y Geolog\u00eda (DGEG) y autorizado por el Instituto Portugu\u00e9s de Acreditaci\u00f3n (IPAC) como Entidad Inspectora de Combustibles (EIC), en el \u00e1mbito de la Ley n\u00ba 15\/2015, de 16 de febrero.\u00a0<\/span><\/p>\n<p><span style=\"font-weight: 400;\">Realizaci\u00f3n de inspecciones iniciales, peri\u00f3dicas y finales y emisi\u00f3n de informes t\u00e9cnicos sobre proyectos de instalaciones de almacenamiento de combustibles l\u00edquidos, instalaciones de almacenamiento de gases de petr\u00f3leo, instalaciones de puestos de suministro de combustibles l\u00edquidos y GPL y parques de almacenamiento de botellas de GPL.\u00a0<\/span><\/p>\n<p><span style=\"font-weight: 400;\">Consulta nuestras Condiciones de servicio.<\/span><\/p>\n\t\t\t\t\t<\/div>\n\t\t\t\t\t\t<\/div>\n\t\t\t\t<\/div>\n\t\t\t\t<section class=\"elementor-section elementor-inner-section elementor-element elementor-element-5559440 elementor-section-boxed elementor-section-height-default elementor-section-height-default\" data-id=\"5559440\" data-element_type=\"section\" data-settings=\"{&quot;background_background&quot;:&quot;classic&quot;}\">\n\t\t\t\t\t\t<div class=\"elementor-container elementor-column-gap-default\">\n\t\t\t\t\t\t\t<div class=\"elementor-row\">\n\t\t\t\t\t<div class=\"elementor-column elementor-col-50 elementor-inner-column elementor-element elementor-element-507f98e\" data-id=\"507f98e\" data-element_type=\"column\">\n\t\t\t<div class=\"elementor-column-wrap elementor-element-populated\">\n\t\t\t\t\t\t\t<div class=\"elementor-widget-wrap\">\n\t\t\t\t\t\t<div class=\"elementor-element elementor-element-11d1b02 elementor-widget elementor-widget-text-editor\" data-id=\"11d1b02\" data-element_type=\"widget\" data-widget_type=\"text-editor.default\">\n\t\t\t\t<div class=\"elementor-widget-container\">\n\t\t\t\t\t\t\t\t<div class=\"elementor-text-editor elementor-clearfix\">\n\t\t\t\t<p><span style=\"font-weight: 400;\">&gt; AN\u00c1LISIS DE PROYECTOS<\/span><\/p>\n<p><span style=\"font-weight: 400;\">&gt; INSPECCIONES FINALES<\/span><\/p>\n<p><span style=\"font-weight: 400;\">&gt; INSPECCIONES INICIALES<\/span><\/p>\n\t\t\t\t\t<\/div>\n\t\t\t\t\t\t<\/div>\n\t\t\t\t<\/div>\n\t\t\t\t\t\t<\/div>\n\t\t\t\t\t<\/div>\n\t\t<\/div>\n\t\t\t\t<div class=\"elementor-column elementor-col-50 elementor-inner-column elementor-element elementor-element-e5ad034\" data-id=\"e5ad034\" data-element_type=\"column\">\n\t\t\t<div class=\"elementor-column-wrap elementor-element-populated\">\n\t\t\t\t\t\t\t<div class=\"elementor-widget-wrap\">\n\t\t\t\t\t\t<div class=\"elementor-element elementor-element-273095a elementor-widget elementor-widget-text-editor\" data-id=\"273095a\" data-element_type=\"widget\" data-widget_type=\"text-editor.default\">\n\t\t\t\t<div class=\"elementor-widget-container\">\n\t\t\t\t\t\t\t\t<div class=\"elementor-text-editor elementor-clearfix\">\n\t\t\t\t<p><span style=\"font-weight: 400;\">&gt; INFORMES T\u00c9CNICOS<\/span><\/p>\n<p><span style=\"font-weight: 400;\">&gt; INSPECCIONES PERI\u00d3DICAS<\/span><\/p>\n\t\t\t\t\t<\/div>\n\t\t\t\t\t\t<\/div>\n\t\t\t\t<\/div>\n\t\t\t\t\t\t<\/div>\n\t\t\t\t\t<\/div>\n\t\t<\/div>\n\t\t\t\t\t\t\t\t<\/div>\n\t\t\t\t\t<\/div>\n\t\t<\/section>\n\t\t\t\t\t\t<\/div>\n\t\t\t\t\t<\/div>\n\t\t<\/div>\n\t\t\t\t\t\t\t\t<\/div>\n\t\t\t\t\t<\/div>\n\t\t<\/section>\n\t\t\t\t<section class=\"elementor-section elementor-top-section elementor-element elementor-element-04f58f6 elementor-section-boxed elementor-section-height-default elementor-section-height-default\" data-id=\"04f58f6\" data-element_type=\"section\" data-settings=\"{&quot;background_background&quot;:&quot;classic&quot;}\">\n\t\t\t\t\t\t\t<div class=\"elementor-background-overlay\"><\/div>\n\t\t\t\t\t\t\t<div class=\"elementor-container elementor-column-gap-default\">\n\t\t\t\t\t\t\t<div class=\"elementor-row\">\n\t\t\t\t\t<div class=\"elementor-column elementor-col-100 elementor-top-column elementor-element elementor-element-ba816f0\" data-id=\"ba816f0\" data-element_type=\"column\">\n\t\t\t<div class=\"elementor-column-wrap elementor-element-populated\">\n\t\t\t\t\t\t\t<div class=\"elementor-widget-wrap\">\n\t\t\t\t\t\t<div class=\"elementor-element elementor-element-9d8a064 elementor-widget elementor-widget-heading\" data-id=\"9d8a064\" data-element_type=\"widget\" data-widget_type=\"heading.default\">\n\t\t\t\t<div class=\"elementor-widget-container\">\n\t\t\t<h2 class=\"elementor-heading-title elementor-size-default\">PRECISA DE <span style=\"color: #00b0a5; font-weight: normal;\">AJUDA?<\/span><\/h2>\t\t<\/div>\n\t\t\t\t<\/div>\n\t\t\t\t<div class=\"elementor-element elementor-element-20abde0 elementor-widget elementor-widget-text-editor\" data-id=\"20abde0\" data-element_type=\"widget\" data-widget_type=\"text-editor.default\">\n\t\t\t\t<div class=\"elementor-widget-container\">\n\t\t\t\t\t\t\t\t<div class=\"elementor-text-editor elementor-clearfix\">\n\t\t\t\t<p style=\"text-align: center;\"><strong>Se precisa de mais informa\u00e7\u00f5es sobre os nossos servi\u00e7os, entre em contacto connosco e coloque as suas d\u00favidas.<\/strong><\/p>\n\t\t\t\t\t<\/div>\n\t\t\t\t\t\t<\/div>\n\t\t\t\t<\/div>\n\t\t\t\t<div class=\"elementor-element elementor-element-d5d714d elementor-align-center elementor-widget elementor-widget-button\" data-id=\"d5d714d\" data-element_type=\"widget\" data-widget_type=\"button.default\">\n\t\t\t\t<div class=\"elementor-widget-container\">\n\t\t\t\t\t<div class=\"elementor-button-wrapper\">\n\t\t\t<a href=\"https:\/\/www.iep.pt\/contactos\/\" class=\"elementor-button-link elementor-button elementor-size-sm\" role=\"button\">\n\t\t\t\t\t\t<span class=\"elementor-button-content-wrapper\">\n\t\t\t\t\t\t<span class=\"elementor-button-text\">CONT\u00c1CTANOS <\/span>\n\t\t<\/span>\n\t\t\t\t\t<\/a>\n\t\t<\/div>\n\t\t\t\t<\/div>\n\t\t\t\t<\/div>\n\t\t\t\t\t\t<\/div>\n\t\t\t\t\t<\/div>\n\t\t<\/div>\n\t\t\t\t\t\t\t\t<\/div>\n\t\t\t\t\t<\/div>\n\t\t<\/section>\n\t\t\t\t<section class=\"elementor-section elementor-top-section elementor-element elementor-element-d806e6b elementor-section-full_width elementor-section-height-default elementor-section-height-default\" data-id=\"d806e6b\" data-element_type=\"section\">\n\t\t\t\t\t\t<div class=\"elementor-container elementor-column-gap-no\">\n\t\t\t\t\t\t\t<div class=\"elementor-row\">\n\t\t\t\t\t<div class=\"elementor-column elementor-col-100 elementor-top-column elementor-element elementor-element-3bff436\" data-id=\"3bff436\" data-element_type=\"column\">\n\t\t\t<div class=\"elementor-column-wrap elementor-element-populated\">\n\t\t\t\t\t\t\t<div class=\"elementor-widget-wrap\">\n\t\t\t\t\t\t<div class=\"elementor-element elementor-element-b397e6a elementor-widget elementor-widget-shortcode\" data-id=\"b397e6a\" data-element_type=\"widget\" data-widget_type=\"shortcode.default\">\n\t\t\t\t<div class=\"elementor-widget-container\">\n\t\t\t\t\t<div class=\"elementor-shortcode\"><div role=\"form\" class=\"wpcf7\" id=\"wpcf7-f9070-o1\" lang=\"pt-PT\" dir=\"ltr\">\n<div class=\"screen-reader-response\"><p role=\"status\" aria-live=\"polite\" aria-atomic=\"true\"><\/p> <ul><\/ul><\/div>\n<form action=\"\/es\/wp-json\/wp\/v2\/pages\/12758#wpcf7-f9070-o1\" method=\"post\" class=\"wpcf7-form init mailchimp-ext-0.5.68\" novalidate=\"novalidate\" data-status=\"init\">\n<div style=\"display: none;\">\n<input type=\"hidden\" name=\"_wpcf7\" value=\"9070\" \/>\n<input type=\"hidden\" name=\"_wpcf7_version\" value=\"5.5.6.1\" \/>\n<input type=\"hidden\" name=\"_wpcf7_locale\" value=\"pt_PT\" \/>\n<input type=\"hidden\" name=\"_wpcf7_unit_tag\" value=\"wpcf7-f9070-o1\" \/>\n<input type=\"hidden\" name=\"_wpcf7_container_post\" value=\"0\" \/>\n<input type=\"hidden\" name=\"_wpcf7_posted_data_hash\" value=\"\" \/>\n<input type=\"hidden\" name=\"_wpcf7cf_hidden_group_fields\" value=\"[]\" \/>\n<input type=\"hidden\" name=\"_wpcf7cf_hidden_groups\" value=\"[]\" \/>\n<input type=\"hidden\" name=\"_wpcf7cf_visible_groups\" value=\"[]\" \/>\n<input type=\"hidden\" name=\"_wpcf7cf_repeaters\" value=\"[]\" \/>\n<input type=\"hidden\" name=\"_wpcf7cf_steps\" value=\"{}\" \/>\n<input type=\"hidden\" name=\"_wpcf7cf_options\" value=\"{&quot;form_id&quot;:9070,&quot;conditions&quot;:[],&quot;settings&quot;:{&quot;animation&quot;:&quot;yes&quot;,&quot;animation_intime&quot;:200,&quot;animation_outtime&quot;:200,&quot;conditions_ui&quot;:&quot;normal&quot;,&quot;notice_dismissed&quot;:false,&quot;notice_dismissed_rollback-cf7-5.5.5&quot;:true}}\" \/>\n<input type=\"hidden\" name=\"_wpcf7_recaptcha_response\" value=\"\" \/>\n<\/div>\n<div style=\"display:flex; background-color:#00b0a5 !important;\" class=\"mobile-news\">\n<div style=\"flex: 0.8; padding-top: 50px;\">\n<p style=\"color:#ffffff;font-size: 30px; line-height: 140%; text-align: center; \">NEWSLETTER<\/p>\n<p style=\"color:#ffffff;font-size: 16px; line-height: 120%; text-align: center;\">Subscreva a e-news iep<\/p>\n<\/div>\n<div id=\"newsletter\" style=\"padding-top: 50px; padding-bottom:60px; flex: 1.2;\">\n<div style=\"display: flex;width: 75%;\">\n<span class=\"wpcf7-form-control-wrap your-email\"><input type=\"email\" name=\"your-email\" value=\"\" size=\"40\" class=\"wpcf7-form-control wpcf7-text wpcf7-email wpcf7-validates-as-required wpcf7-validates-as-email\" aria-required=\"true\" aria-invalid=\"false\" placeholder=\"Introduza aqui o seu email\" \/><\/span><br \/>\n<input type=\"submit\" value=\"Subscrever\" class=\"wpcf7-form-control has-spinner wpcf7-submit\" \/>\n<\/div>\n<div style=\"display:flex; margin-top:20px;width: 75%;\">\n<span class=\"wpcf7-form-control-wrap acceptance-477\"><span class=\"wpcf7-form-control wpcf7-acceptance\"><span class=\"wpcf7-list-item\"><label><input type=\"checkbox\" name=\"acceptance-477\" value=\"1\" aria-invalid=\"false\" \/><span class=\"wpcf7-list-item-label\">Li e concordo com a <a class=\"marco\" href=\"\/politica-de-privacidade\/\">Pol\u00edtica de Privacidade<\/a><\/span><\/label><\/span><\/span><\/span> <span class=\"wpcf7-form-control-wrap acceptance-478\"><span class=\"wpcf7-form-control wpcf7-acceptance\"><span class=\"wpcf7-list-item\"><label><input type=\"checkbox\" name=\"acceptance-478\" value=\"1\" aria-invalid=\"false\" \/><span class=\"wpcf7-list-item-label\">Li e concordo com a <a class=\"marco\" href=\"\/politica-de-cookies\/\">Pol\u00edtica de Cookies<\/a><\/span><\/label><\/span><\/span><\/span>\n<\/div>\n<\/div>\n<style>.marco{color:#fff !important; text-decoration: underline;}.marco:hover {text-decoration: underline;}<\/style>\n<\/div>\n<div class=\"wpcf7-response-output\" aria-hidden=\"true\"><\/div><p style=\"display: none !important\"><span class=\"wpcf7-form-control-wrap referer-page\"><input type=\"hidden\" name=\"referer-page\" value=\"http:\/\/Direct%20Visit\" data-value=\"http:\/\/Direct%20Visit\" class=\"wpcf7-form-control wpcf7-text referer-page\" aria-invalid=\"false\"><\/span><\/p>\n<!-- Chimpmatic extension by Renzo Johnson --><\/form><\/div><\/div>\n\t\t\t\t<\/div>\n\t\t\t\t<\/div>\n\t\t\t\t\t\t<\/div>\n\t\t\t\t\t<\/div>\n\t\t<\/div>\n\t\t\t\t\t\t\t\t<\/div>\n\t\t\t\t\t<\/div>\n\t\t<\/section>\n\t\t\t\t\t\t\t\t\t<\/div>\n\t\t\t<\/div>\n\t\t\t\t\t<\/div>\n\t\t","protected":false},"excerpt":{"rendered":"<p>INSTALACIONES DE COMBUSTIBLES El IEP est\u00e1 reconocido por la Direcci\u00f3n General de Energ\u00eda y Geolog\u00eda (DGEG) y autorizado por el Instituto Portugu\u00e9s de Acreditaci\u00f3n (IPAC) como Entidad Inspectora de Combustibles &hellip;<\/p>\n<p class=\"read-more\"> <a class=\"ast-button\" href=\"https:\/\/www.iep.pt\/es\/servicios\/inspecciones\/instalaciones-de-combustibles\/\"> <span class=\"screen-reader-text\">INSTALACIONES DE COMBUSTIBLES<\/span> Descubra mais<\/a><\/p>\n","protected":false},"author":2,"featured_media":0,"parent":12870,"menu_order":0,"comment_status":"closed","ping_status":"closed","template":"","meta":{"spay_email":""},"acf":[],"_links":{"self":[{"href":"https:\/\/www.iep.pt\/es\/wp-json\/wp\/v2\/pages\/12758"}],"collection":[{"href":"https:\/\/www.iep.pt\/es\/wp-json\/wp\/v2\/pages"}],"about":[{"href":"https:\/\/www.iep.pt\/es\/wp-json\/wp\/v2\/types\/page"}],"author":[{"embeddable":true,"href":"https:\/\/www.iep.pt\/es\/wp-json\/wp\/v2\/users\/2"}],"replies":[{"embeddable":true,"href":"https:\/\/www.iep.pt\/es\/wp-json\/wp\/v2\/comments?post=12758"}],"version-history":[{"count":0,"href":"https:\/\/www.iep.pt\/es\/wp-json\/wp\/v2\/pages\/12758\/revisions"}],"up":[{"embeddable":true,"href":"https:\/\/www.iep.pt\/es\/wp-json\/wp\/v2\/pages\/12870"}],"wp:attachment":[{"href":"https:\/\/www.iep.pt\/es\/wp-json\/wp\/v2\/media?parent=12758"}],"curies":[{"name":"wp","href":"https:\/\/api.w.org\/{rel}","templated":true}]}}