{"id":12848,"date":"2021-08-18T16:51:50","date_gmt":"2021-08-18T16:51:50","guid":{"rendered":"https:\/\/www.iep.pt\/servicios\/proyeto-de-inspecciones-remotas-con-uav\/"},"modified":"2021-08-18T16:51:51","modified_gmt":"2021-08-18T16:51:51","slug":"proyeto-de-inspecciones-remotas-con-uav","status":"publish","type":"page","link":"https:\/\/www.iep.pt\/es\/servicios\/proyeto-de-inspecciones-remotas-con-uav\/","title":{"rendered":"Proyeto de Inspecciones Remotas con UAV"},"content":{"rendered":"\t\t<div data-elementor-type=\"wp-page\" data-elementor-id=\"12848\" class=\"elementor elementor-12848 elementor-9792\">\n\t\t\t\t\t\t<div class=\"elementor-inner\">\n\t\t\t\t<div class=\"elementor-section-wrap\">\n\t\t\t\t\t\t\t\t\t<section class=\"elementor-section elementor-top-section elementor-element elementor-element-aa62709 elementor-section-height-min-height elementor-section-boxed elementor-section-height-default elementor-section-items-middle\" data-id=\"aa62709\" data-element_type=\"section\" data-settings=\"{&quot;background_background&quot;:&quot;classic&quot;}\">\n\t\t\t\t\t\t<div class=\"elementor-container elementor-column-gap-default\">\n\t\t\t\t\t\t\t<div class=\"elementor-row\">\n\t\t\t\t\t<div class=\"elementor-column elementor-col-100 elementor-top-column elementor-element elementor-element-3042bd7\" data-id=\"3042bd7\" data-element_type=\"column\">\n\t\t\t<div class=\"elementor-column-wrap\">\n\t\t\t\t\t\t\t<div class=\"elementor-widget-wrap\">\n\t\t\t\t\t\t\t\t<\/div>\n\t\t\t\t\t<\/div>\n\t\t<\/div>\n\t\t\t\t\t\t\t\t<\/div>\n\t\t\t\t\t<\/div>\n\t\t<\/section>\n\t\t\t\t<section class=\"elementor-section elementor-top-section elementor-element elementor-element-c67113b elementor-section-boxed elementor-section-height-default elementor-section-height-default\" data-id=\"c67113b\" data-element_type=\"section\">\n\t\t\t\t\t\t<div class=\"elementor-container elementor-column-gap-default\">\n\t\t\t\t\t\t\t<div class=\"elementor-row\">\n\t\t\t\t\t<div class=\"elementor-column elementor-col-50 elementor-top-column elementor-element elementor-element-b24cd66\" data-id=\"b24cd66\" data-element_type=\"column\">\n\t\t\t<div class=\"elementor-column-wrap elementor-element-populated\">\n\t\t\t\t\t\t\t<div class=\"elementor-widget-wrap\">\n\t\t\t\t\t\t<div class=\"elementor-element elementor-element-f0ec350 elementor-widget elementor-widget-heading\" data-id=\"f0ec350\" data-element_type=\"widget\" data-widget_type=\"heading.default\">\n\t\t\t\t<div class=\"elementor-widget-container\">\n\t\t\t<h2 class=\"elementor-heading-title elementor-size-default\">PROYECTO DE INSPECCIONES REMOTAS CON UAV<\/h2>\t\t<\/div>\n\t\t\t\t<\/div>\n\t\t\t\t\t\t<\/div>\n\t\t\t\t\t<\/div>\n\t\t<\/div>\n\t\t\t\t<div class=\"elementor-column elementor-col-50 elementor-top-column elementor-element elementor-element-aa0a9bd\" data-id=\"aa0a9bd\" data-element_type=\"column\">\n\t\t\t<div class=\"elementor-column-wrap elementor-element-populated\">\n\t\t\t\t\t\t\t<div class=\"elementor-widget-wrap\">\n\t\t\t\t\t\t<div class=\"elementor-element elementor-element-90680d6 elementor-widget elementor-widget-image\" data-id=\"90680d6\" data-element_type=\"widget\" data-widget_type=\"image.default\">\n\t\t\t\t<div class=\"elementor-widget-container\">\n\t\t\t\t\t\t\t\t<div class=\"elementor-image\">\n\t\t\t\t\t\t\t\t\t<figure class=\"wp-caption\">\n\t\t\t\t\t\t\t\t\t\t<img width=\"822\" height=\"540\" src=\"https:\/\/www.iep.pt\/wp-content\/uploads\/2018\/09\/inspecoes-remotas-com-uav.png\" class=\"attachment-large size-large\" alt=\"Inspe\u00e7\u00f5es remotas com UAV\" loading=\"lazy\" srcset=\"https:\/\/www.iep.pt\/wp-content\/uploads\/2018\/09\/inspecoes-remotas-com-uav.png 822w, https:\/\/www.iep.pt\/wp-content\/uploads\/2018\/09\/inspecoes-remotas-com-uav-300x197.png 300w, https:\/\/www.iep.pt\/wp-content\/uploads\/2018\/09\/inspecoes-remotas-com-uav-768x505.png 768w\" sizes=\"(max-width: 822px) 100vw, 822px\" \/>\t\t\t\t\t\t\t\t\t\t\t<figcaption class=\"widget-image-caption wp-caption-text\">Anomalies in Wind Turbine Blades.<\/figcaption>\n\t\t\t\t\t\t\t\t\t\t<\/figure>\n\t\t\t\t\t\t\t\t<\/div>\n\t\t\t\t\t\t<\/div>\n\t\t\t\t<\/div>\n\t\t\t\t<div class=\"elementor-element elementor-element-55897cc elementor-widget elementor-widget-text-editor\" data-id=\"55897cc\" data-element_type=\"widget\" data-widget_type=\"text-editor.default\">\n\t\t\t\t<div class=\"elementor-widget-container\">\n\t\t\t\t\t\t\t\t<div class=\"elementor-text-editor elementor-clearfix\">\n\t\t\t\t<p><b>DESCRIPCI\u00d3N: <\/b><br \/>El uso de aerogeneradores para la producci\u00f3n de electricidad, constituye una actividad con exigencias de mantenimiento cr\u00edticas. La inspecci\u00f3n y el mantenimiento de las palas constituye una actividad constante y con riesgos de operaci\u00f3n muy altos (trabajo realizado en suspensi\u00f3n con cuerdas).<\/p>\n<p><b>PROBLEMA:<\/b><br \/>\u00bfSer\u00e1 posible substituir integralmente los trabajos de inspecci\u00f3n de las palas de un aerogenerador, utilizando medios de inspecci\u00f3n remota?\n<\/p>\n<p><b>ESTRATEGIA: <\/b><br \/>Las inspecciones con cuerdas suponen ventajas espec\u00edficas, principalmente el toque, palpaci\u00f3n, peque\u00f1as reparaciones y continuidad el\u00e9ctrica. La evaluaci\u00f3n remota con UAV, garantiza una operaci\u00f3n segura, r\u00e1pida y resistente. <\/p>\n<p><b>CONCLUSI\u00d3N: <\/b><br \/>Garantizar la automatizaci\u00f3n de las tareas de levantamiento, con adquisici\u00f3n de im\u00e1genes de alta resoluci\u00f3n con auxilio termogr\u00e1fico y encontrar metodolog\u00edas que permitan suplir las ventajas del contacto directo con las palas (toque y palpaci\u00f3n).<\/p>\n\t\t\t\t\t<\/div>\n\t\t\t\t\t\t<\/div>\n\t\t\t\t<\/div>\n\t\t\t\t\t\t<\/div>\n\t\t\t\t\t<\/div>\n\t\t<\/div>\n\t\t\t\t\t\t\t\t<\/div>\n\t\t\t\t\t<\/div>\n\t\t<\/section>\n\t\t\t\t<section class=\"elementor-section elementor-top-section elementor-element elementor-element-268648c elementor-section-boxed elementor-section-height-default elementor-section-height-default\" data-id=\"268648c\" data-element_type=\"section\" data-settings=\"{&quot;background_background&quot;:&quot;classic&quot;}\">\n\t\t\t\t\t\t\t<div class=\"elementor-background-overlay\"><\/div>\n\t\t\t\t\t\t\t<div class=\"elementor-container elementor-column-gap-default\">\n\t\t\t\t\t\t\t<div class=\"elementor-row\">\n\t\t\t\t\t<div class=\"elementor-column elementor-col-100 elementor-top-column elementor-element elementor-element-c6d3e65\" data-id=\"c6d3e65\" data-element_type=\"column\">\n\t\t\t<div class=\"elementor-column-wrap elementor-element-populated\">\n\t\t\t\t\t\t\t<div class=\"elementor-widget-wrap\">\n\t\t\t\t\t\t<div class=\"elementor-element elementor-element-75f5f32 elementor-widget elementor-widget-heading\" data-id=\"75f5f32\" data-element_type=\"widget\" data-widget_type=\"heading.default\">\n\t\t\t\t<div class=\"elementor-widget-container\">\n\t\t\t<h2 class=\"elementor-heading-title elementor-size-default\">\u00bfNECESITAS <span style=\"color: #00b0a5; font-weight: normal;\">AYUDA?<\/span><\/h2>\t\t<\/div>\n\t\t\t\t<\/div>\n\t\t\t\t<div class=\"elementor-element elementor-element-13e5b74 elementor-widget elementor-widget-text-editor\" data-id=\"13e5b74\" data-element_type=\"widget\" data-widget_type=\"text-editor.default\">\n\t\t\t\t<div class=\"elementor-widget-container\">\n\t\t\t\t\t\t\t\t<div class=\"elementor-text-editor elementor-clearfix\">\n\t\t\t\t<p style=\"text-align: center;\"><strong>Si necesitas m\u00e1s informaci\u00f3n sobre nuestros servicios, entra en contacto con nosotros y resuelve todas sus dudas.<\/strong><\/p>\n\t\t\t\t\t<\/div>\n\t\t\t\t\t\t<\/div>\n\t\t\t\t<\/div>\n\t\t\t\t<div class=\"elementor-element elementor-element-6884ce1 elementor-align-center elementor-widget elementor-widget-button\" data-id=\"6884ce1\" data-element_type=\"widget\" data-widget_type=\"button.default\">\n\t\t\t\t<div class=\"elementor-widget-container\">\n\t\t\t\t\t<div class=\"elementor-button-wrapper\">\n\t\t\t<a href=\"#\" class=\"elementor-button-link elementor-button elementor-size-sm\" role=\"button\">\n\t\t\t\t\t\t<span class=\"elementor-button-content-wrapper\">\n\t\t\t\t\t\t<span class=\"elementor-button-text\">CONT\u00c1CTANOS <\/span>\n\t\t<\/span>\n\t\t\t\t\t<\/a>\n\t\t<\/div>\n\t\t\t\t<\/div>\n\t\t\t\t<\/div>\n\t\t\t\t\t\t<\/div>\n\t\t\t\t\t<\/div>\n\t\t<\/div>\n\t\t\t\t\t\t\t\t<\/div>\n\t\t\t\t\t<\/div>\n\t\t<\/section>\n\t\t\t\t<section class=\"elementor-section elementor-top-section elementor-element elementor-element-f62e87b elementor-section-full_width elementor-section-height-default elementor-section-height-default\" data-id=\"f62e87b\" data-element_type=\"section\">\n\t\t\t\t\t\t<div class=\"elementor-container elementor-column-gap-no\">\n\t\t\t\t\t\t\t<div class=\"elementor-row\">\n\t\t\t\t\t<div class=\"elementor-column elementor-col-100 elementor-top-column elementor-element elementor-element-2f145d3\" data-id=\"2f145d3\" data-element_type=\"column\">\n\t\t\t<div class=\"elementor-column-wrap elementor-element-populated\">\n\t\t\t\t\t\t\t<div class=\"elementor-widget-wrap\">\n\t\t\t\t\t\t<div class=\"elementor-element elementor-element-184fe78 elementor-widget elementor-widget-shortcode\" data-id=\"184fe78\" data-element_type=\"widget\" data-widget_type=\"shortcode.default\">\n\t\t\t\t<div class=\"elementor-widget-container\">\n\t\t\t\t\t<div class=\"elementor-shortcode\"><div role=\"form\" class=\"wpcf7\" id=\"wpcf7-f9070-o1\" lang=\"pt-PT\" dir=\"ltr\">\n<div class=\"screen-reader-response\"><p role=\"status\" aria-live=\"polite\" aria-atomic=\"true\"><\/p> <ul><\/ul><\/div>\n<form action=\"\/es\/wp-json\/wp\/v2\/pages\/12848#wpcf7-f9070-o1\" method=\"post\" class=\"wpcf7-form init mailchimp-ext-0.5.68\" novalidate=\"novalidate\" data-status=\"init\">\n<div style=\"display: none;\">\n<input type=\"hidden\" name=\"_wpcf7\" value=\"9070\" \/>\n<input type=\"hidden\" name=\"_wpcf7_version\" value=\"5.5.6.1\" \/>\n<input type=\"hidden\" name=\"_wpcf7_locale\" value=\"pt_PT\" \/>\n<input type=\"hidden\" name=\"_wpcf7_unit_tag\" value=\"wpcf7-f9070-o1\" \/>\n<input type=\"hidden\" name=\"_wpcf7_container_post\" value=\"0\" \/>\n<input type=\"hidden\" name=\"_wpcf7_posted_data_hash\" value=\"\" \/>\n<input type=\"hidden\" name=\"_wpcf7cf_hidden_group_fields\" value=\"[]\" \/>\n<input type=\"hidden\" name=\"_wpcf7cf_hidden_groups\" value=\"[]\" \/>\n<input type=\"hidden\" name=\"_wpcf7cf_visible_groups\" value=\"[]\" \/>\n<input type=\"hidden\" name=\"_wpcf7cf_repeaters\" value=\"[]\" \/>\n<input type=\"hidden\" name=\"_wpcf7cf_steps\" value=\"{}\" \/>\n<input type=\"hidden\" name=\"_wpcf7cf_options\" value=\"{&quot;form_id&quot;:9070,&quot;conditions&quot;:[],&quot;settings&quot;:{&quot;animation&quot;:&quot;yes&quot;,&quot;animation_intime&quot;:200,&quot;animation_outtime&quot;:200,&quot;conditions_ui&quot;:&quot;normal&quot;,&quot;notice_dismissed&quot;:false,&quot;notice_dismissed_rollback-cf7-5.5.5&quot;:true}}\" \/>\n<input type=\"hidden\" name=\"_wpcf7_recaptcha_response\" value=\"\" \/>\n<\/div>\n<div style=\"display:flex; background-color:#00b0a5 !important;\" class=\"mobile-news\">\n<div style=\"flex: 0.8; padding-top: 50px;\">\n<p style=\"color:#ffffff;font-size: 30px; line-height: 140%; text-align: center; \">NEWSLETTER<\/p>\n<p style=\"color:#ffffff;font-size: 16px; line-height: 120%; text-align: center;\">Subscreva a e-news iep<\/p>\n<\/div>\n<div id=\"newsletter\" style=\"padding-top: 50px; padding-bottom:60px; flex: 1.2;\">\n<div style=\"display: flex;width: 75%;\">\n<span class=\"wpcf7-form-control-wrap your-email\"><input type=\"email\" name=\"your-email\" value=\"\" size=\"40\" class=\"wpcf7-form-control wpcf7-text wpcf7-email wpcf7-validates-as-required wpcf7-validates-as-email\" aria-required=\"true\" aria-invalid=\"false\" placeholder=\"Introduza aqui o seu email\" \/><\/span><br \/>\n<input type=\"submit\" value=\"Subscrever\" class=\"wpcf7-form-control has-spinner wpcf7-submit\" \/>\n<\/div>\n<div style=\"display:flex; margin-top:20px;width: 75%;\">\n<span class=\"wpcf7-form-control-wrap acceptance-477\"><span class=\"wpcf7-form-control wpcf7-acceptance\"><span class=\"wpcf7-list-item\"><label><input type=\"checkbox\" name=\"acceptance-477\" value=\"1\" aria-invalid=\"false\" \/><span class=\"wpcf7-list-item-label\">Li e concordo com a <a class=\"marco\" href=\"\/politica-de-privacidade\/\">Pol\u00edtica de Privacidade<\/a><\/span><\/label><\/span><\/span><\/span> <span class=\"wpcf7-form-control-wrap acceptance-478\"><span class=\"wpcf7-form-control wpcf7-acceptance\"><span class=\"wpcf7-list-item\"><label><input type=\"checkbox\" name=\"acceptance-478\" value=\"1\" aria-invalid=\"false\" \/><span class=\"wpcf7-list-item-label\">Li e concordo com a <a class=\"marco\" href=\"\/politica-de-cookies\/\">Pol\u00edtica de Cookies<\/a><\/span><\/label><\/span><\/span><\/span>\n<\/div>\n<\/div>\n<style>.marco{color:#fff !important; text-decoration: underline;}.marco:hover {text-decoration: underline;}<\/style>\n<\/div>\n<div class=\"wpcf7-response-output\" aria-hidden=\"true\"><\/div><p style=\"display: none !important\"><span class=\"wpcf7-form-control-wrap referer-page\"><input type=\"hidden\" name=\"referer-page\" value=\"http:\/\/Direct%20Visit\" data-value=\"http:\/\/Direct%20Visit\" class=\"wpcf7-form-control wpcf7-text referer-page\" aria-invalid=\"false\"><\/span><\/p>\n<!-- Chimpmatic extension by Renzo Johnson --><\/form><\/div><\/div>\n\t\t\t\t<\/div>\n\t\t\t\t<\/div>\n\t\t\t\t\t\t<\/div>\n\t\t\t\t\t<\/div>\n\t\t<\/div>\n\t\t\t\t\t\t\t\t<\/div>\n\t\t\t\t\t<\/div>\n\t\t<\/section>\n\t\t\t\t\t\t\t\t\t<\/div>\n\t\t\t<\/div>\n\t\t\t\t\t<\/div>\n\t\t","protected":false},"excerpt":{"rendered":"<p>PROYECTO DE INSPECCIONES REMOTAS CON UAV Anomalies in Wind Turbine Blades. DESCRIPCI\u00d3N: El uso de aerogeneradores para la producci\u00f3n de electricidad, constituye una actividad con exigencias de mantenimiento cr\u00edticas. La &hellip;<\/p>\n<p class=\"read-more\"> <a class=\"ast-button\" href=\"https:\/\/www.iep.pt\/es\/servicios\/proyeto-de-inspecciones-remotas-con-uav\/\"> <span class=\"screen-reader-text\">Proyeto de Inspecciones Remotas con UAV<\/span> Descubra mais<\/a><\/p>\n","protected":false},"author":2,"featured_media":0,"parent":12750,"menu_order":0,"comment_status":"closed","ping_status":"closed","template":"","meta":{"spay_email":""},"acf":[],"_links":{"self":[{"href":"https:\/\/www.iep.pt\/es\/wp-json\/wp\/v2\/pages\/12848"}],"collection":[{"href":"https:\/\/www.iep.pt\/es\/wp-json\/wp\/v2\/pages"}],"about":[{"href":"https:\/\/www.iep.pt\/es\/wp-json\/wp\/v2\/types\/page"}],"author":[{"embeddable":true,"href":"https:\/\/www.iep.pt\/es\/wp-json\/wp\/v2\/users\/2"}],"replies":[{"embeddable":true,"href":"https:\/\/www.iep.pt\/es\/wp-json\/wp\/v2\/comments?post=12848"}],"version-history":[{"count":0,"href":"https:\/\/www.iep.pt\/es\/wp-json\/wp\/v2\/pages\/12848\/revisions"}],"up":[{"embeddable":true,"href":"https:\/\/www.iep.pt\/es\/wp-json\/wp\/v2\/pages\/12750"}],"wp:attachment":[{"href":"https:\/\/www.iep.pt\/es\/wp-json\/wp\/v2\/media?parent=12848"}],"curies":[{"name":"wp","href":"https:\/\/api.w.org\/{rel}","templated":true}]}}