{"id":12907,"date":"2021-08-20T13:21:04","date_gmt":"2021-08-20T13:21:04","guid":{"rendered":"https:\/\/www.iep.pt\/servicios\/innovacion-investigacion-y-desarrollo\/"},"modified":"2025-08-05T13:20:27","modified_gmt":"2025-08-05T13:20:27","slug":"innovacion-investigacion-y-desarrollo","status":"publish","type":"page","link":"https:\/\/www.iep.pt\/es\/servicios\/innovacion-investigacion-y-desarrollo\/","title":{"rendered":"INNOVACI\u00d3N, INVESTIGACI\u00d3N Y DESARROLLO"},"content":{"rendered":"\t\t<div data-elementor-type=\"wp-page\" data-elementor-id=\"12907\" class=\"elementor elementor-12907 elementor-9134\">\n\t\t\t\t\t\t<div class=\"elementor-inner\">\n\t\t\t\t<div class=\"elementor-section-wrap\">\n\t\t\t\t\t\t\t\t\t<section class=\"elementor-section elementor-top-section elementor-element elementor-element-5b0032c elementor-section-height-min-height elementor-section-boxed elementor-section-height-default elementor-section-items-middle\" data-id=\"5b0032c\" data-element_type=\"section\" data-settings=\"{&quot;background_background&quot;:&quot;classic&quot;}\">\n\t\t\t\t\t\t<div class=\"elementor-container elementor-column-gap-default\">\n\t\t\t\t\t\t\t<div class=\"elementor-row\">\n\t\t\t\t\t<div class=\"elementor-column elementor-col-100 elementor-top-column elementor-element elementor-element-ebb955a\" data-id=\"ebb955a\" data-element_type=\"column\">\n\t\t\t<div class=\"elementor-column-wrap\">\n\t\t\t\t\t\t\t<div class=\"elementor-widget-wrap\">\n\t\t\t\t\t\t\t\t<\/div>\n\t\t\t\t\t<\/div>\n\t\t<\/div>\n\t\t\t\t\t\t\t\t<\/div>\n\t\t\t\t\t<\/div>\n\t\t<\/section>\n\t\t\t\t<section class=\"elementor-section elementor-top-section elementor-element elementor-element-c6234da elementor-section-boxed elementor-section-height-default elementor-section-height-default\" data-id=\"c6234da\" data-element_type=\"section\">\n\t\t\t\t\t\t<div class=\"elementor-container elementor-column-gap-default\">\n\t\t\t\t\t\t\t<div class=\"elementor-row\">\n\t\t\t\t\t<div class=\"elementor-column elementor-col-50 elementor-top-column elementor-element elementor-element-e8a891e\" data-id=\"e8a891e\" data-element_type=\"column\">\n\t\t\t<div class=\"elementor-column-wrap elementor-element-populated\">\n\t\t\t\t\t\t\t<div class=\"elementor-widget-wrap\">\n\t\t\t\t\t\t<div class=\"elementor-element elementor-element-aa32510 elementor-widget elementor-widget-heading\" data-id=\"aa32510\" data-element_type=\"widget\" data-widget_type=\"heading.default\">\n\t\t\t\t<div class=\"elementor-widget-container\">\n\t\t\t<h2 class=\"elementor-heading-title elementor-size-default\">INNOVACI\u00d3N, INVESTIGACI\u00d3N Y DESARROLLO <\/h2>\t\t<\/div>\n\t\t\t\t<\/div>\n\t\t\t\t\t\t<\/div>\n\t\t\t\t\t<\/div>\n\t\t<\/div>\n\t\t\t\t<div class=\"elementor-column elementor-col-50 elementor-top-column elementor-element elementor-element-c8e82b1\" data-id=\"c8e82b1\" data-element_type=\"column\">\n\t\t\t<div class=\"elementor-column-wrap elementor-element-populated\">\n\t\t\t\t\t\t\t<div class=\"elementor-widget-wrap\">\n\t\t\t\t\t\t<div class=\"elementor-element elementor-element-74a3ce2 elementor-widget elementor-widget-text-editor\" data-id=\"74a3ce2\" data-element_type=\"widget\" data-widget_type=\"text-editor.default\">\n\t\t\t\t<div class=\"elementor-widget-container\">\n\t\t\t\t\t\t\t\t<div class=\"elementor-text-editor elementor-clearfix\">\n\t\t\t\t<p>La innovaci\u00f3n es un pilar fundamental del IEP. Desde sus inicios, colabora con la industria \u2014 especialmente con la electrot\u00e9cnica y electr\u00f3nica \u2014 para incorporar m\u00e1s valor e innovaci\u00f3n en sus productos y servicios.<\/p><p>Consulte nuestros proyectos en curso y futuras colaboraciones.<\/p>\t\t\t\t\t<\/div>\n\t\t\t\t\t\t<\/div>\n\t\t\t\t<\/div>\n\t\t\t\t\t\t<\/div>\n\t\t\t\t\t<\/div>\n\t\t<\/div>\n\t\t\t\t\t\t\t\t<\/div>\n\t\t\t\t\t<\/div>\n\t\t<\/section>\n\t\t\t\t<section class=\"elementor-section elementor-top-section elementor-element elementor-element-9939039 elementor-hidden-desktop elementor-hidden-tablet elementor-hidden-mobile elementor-section-boxed elementor-section-height-default elementor-section-height-default\" data-id=\"9939039\" data-element_type=\"section\">\n\t\t\t\t\t\t<div class=\"elementor-container elementor-column-gap-default\">\n\t\t\t\t\t\t\t<div class=\"elementor-row\">\n\t\t\t\t\t<div class=\"elementor-column elementor-col-100 elementor-top-column elementor-element elementor-element-a98286c\" data-id=\"a98286c\" data-element_type=\"column\">\n\t\t\t<div class=\"elementor-column-wrap elementor-element-populated\">\n\t\t\t\t\t\t\t<div class=\"elementor-widget-wrap\">\n\t\t\t\t\t\t<section class=\"elementor-section elementor-inner-section elementor-element elementor-element-bf8f1fb elementor-section-boxed elementor-section-height-default elementor-section-height-default\" data-id=\"bf8f1fb\" data-element_type=\"section\" id=\"shadowback\">\n\t\t\t\t\t\t<div class=\"elementor-container elementor-column-gap-default\">\n\t\t\t\t\t\t\t<div class=\"elementor-row\">\n\t\t\t\t\t<div class=\"elementor-column elementor-col-33 elementor-inner-column elementor-element elementor-element-8852cff\" data-id=\"8852cff\" data-element_type=\"column\">\n\t\t\t<div class=\"elementor-column-wrap elementor-element-populated\">\n\t\t\t\t\t\t\t<div class=\"elementor-widget-wrap\">\n\t\t\t\t\t\t<div class=\"elementor-element elementor-element-f6f0338 elementor-position-top elementor-vertical-align-top elementor-widget elementor-widget-image-box\" data-id=\"f6f0338\" data-element_type=\"widget\" data-widget_type=\"image-box.default\">\n\t\t\t\t<div class=\"elementor-widget-container\">\n\t\t\t<div class=\"elementor-image-box-wrapper\"><figure class=\"elementor-image-box-img\"><a href=\"https:\/\/www.iep.pt\/es\/servicios\/proyeto-parques-eolicos\/\"><img width=\"824\" height=\"396\" src=\"https:\/\/www.iep.pt\/wp-content\/uploads\/2018\/09\/projeto-Parques-eoolicos.png\" class=\"attachment-large size-large\" alt=\"Service life extension of wind turbines\" loading=\"lazy\" \/><\/a><\/figure><div class=\"elementor-image-box-content\"><p class=\"elementor-image-box-description\">PROYECTO PARQUES E\u00d3LICOS<\/p><\/div><\/div>\t\t<\/div>\n\t\t\t\t<\/div>\n\t\t\t\t\t\t<\/div>\n\t\t\t\t\t<\/div>\n\t\t<\/div>\n\t\t\t\t<div class=\"elementor-column elementor-col-33 elementor-inner-column elementor-element elementor-element-c27b177\" data-id=\"c27b177\" data-element_type=\"column\">\n\t\t\t<div class=\"elementor-column-wrap elementor-element-populated\">\n\t\t\t\t\t\t\t<div class=\"elementor-widget-wrap\">\n\t\t\t\t\t\t<div class=\"elementor-element elementor-element-ed1fd3b elementor-position-top elementor-vertical-align-top elementor-widget elementor-widget-image-box\" data-id=\"ed1fd3b\" data-element_type=\"widget\" data-widget_type=\"image-box.default\">\n\t\t\t\t<div class=\"elementor-widget-container\">\n\t\t\t<div class=\"elementor-image-box-wrapper\"><figure class=\"elementor-image-box-img\"><a href=\"https:\/\/www.iep.pt\/es\/servicios\/proyeto-de-inspecciones-remotas-con-uav\/\"><img width=\"822\" height=\"540\" src=\"https:\/\/www.iep.pt\/wp-content\/uploads\/2018\/09\/inspecoes-remotas-com-uav.png\" class=\"attachment-full size-full\" alt=\"Inspe\u00e7\u00f5es remotas com UAV\" loading=\"lazy\" \/><\/a><\/figure><div class=\"elementor-image-box-content\"><p class=\"elementor-image-box-description\">PROYECTOS DE INSPECCIONES REMOTAS CON UAV<\/p><\/div><\/div>\t\t<\/div>\n\t\t\t\t<\/div>\n\t\t\t\t\t\t<\/div>\n\t\t\t\t\t<\/div>\n\t\t<\/div>\n\t\t\t\t<div class=\"elementor-column elementor-col-33 elementor-inner-column elementor-element elementor-element-6f2dc08\" data-id=\"6f2dc08\" data-element_type=\"column\">\n\t\t\t<div class=\"elementor-column-wrap elementor-element-populated\">\n\t\t\t\t\t\t\t<div class=\"elementor-widget-wrap\">\n\t\t\t\t\t\t<div class=\"elementor-element elementor-element-c6d6188 elementor-position-top elementor-vertical-align-top elementor-widget elementor-widget-image-box\" data-id=\"c6d6188\" data-element_type=\"widget\" data-widget_type=\"image-box.default\">\n\t\t\t\t<div class=\"elementor-widget-container\">\n\t\t\t<div class=\"elementor-image-box-wrapper\"><figure class=\"elementor-image-box-img\"><a href=\"https:\/\/www.iep.pt\/es\/servicios\/proyeto-i_heero-iii\/\"><img width=\"824\" height=\"398\" src=\"https:\/\/www.iep.pt\/wp-content\/uploads\/2018\/09\/Projeto-I_HeERo-III.png\" class=\"attachment-full size-full\" alt=\"Projeto-I_HeERo-III\" loading=\"lazy\" \/><\/a><\/figure><div class=\"elementor-image-box-content\"><p class=\"elementor-image-box-description\">PROYECTO I_HEERO III<\/p><\/div><\/div>\t\t<\/div>\n\t\t\t\t<\/div>\n\t\t\t\t\t\t<\/div>\n\t\t\t\t\t<\/div>\n\t\t<\/div>\n\t\t\t\t\t\t\t\t<\/div>\n\t\t\t\t\t<\/div>\n\t\t<\/section>\n\t\t\t\t\t\t<\/div>\n\t\t\t\t\t<\/div>\n\t\t<\/div>\n\t\t\t\t\t\t\t\t<\/div>\n\t\t\t\t\t<\/div>\n\t\t<\/section>\n\t\t\t\t<section class=\"elementor-section elementor-top-section elementor-element elementor-element-10141df elementor-section-boxed elementor-section-height-default elementor-section-height-default\" data-id=\"10141df\" data-element_type=\"section\">\n\t\t\t\t\t\t<div class=\"elementor-container elementor-column-gap-default\">\n\t\t\t\t\t\t\t<div class=\"elementor-row\">\n\t\t\t\t\t<div class=\"elementor-column elementor-col-100 elementor-top-column elementor-element elementor-element-59d879f\" data-id=\"59d879f\" data-element_type=\"column\">\n\t\t\t<div class=\"elementor-column-wrap elementor-element-populated\">\n\t\t\t\t\t\t\t<div class=\"elementor-widget-wrap\">\n\t\t\t\t\t\t<div class=\"elementor-element elementor-element-983e1ba elementor-widget elementor-widget-heading\" data-id=\"983e1ba\" data-element_type=\"widget\" data-widget_type=\"heading.default\">\n\t\t\t\t<div class=\"elementor-widget-container\">\n\t\t\t<h2 class=\"elementor-heading-title elementor-size-default\">\u00bfNECESITAS <span style=\"color: #00b0a5; font-weight: normal;\">AYUDA? <\/span><\/h2>\t\t<\/div>\n\t\t\t\t<\/div>\n\t\t\t\t<div class=\"elementor-element elementor-element-beebf6f elementor-widget elementor-widget-text-editor\" data-id=\"beebf6f\" data-element_type=\"widget\" data-widget_type=\"text-editor.default\">\n\t\t\t\t<div class=\"elementor-widget-container\">\n\t\t\t\t\t\t\t\t<div class=\"elementor-text-editor elementor-clearfix\">\n\t\t\t\t<p style=\"text-align: center;\"><strong>Si necesitas m\u00e1s informaci\u00f3n sobre nuestros servicios, entra en contacto con nosotros y resuelve todas sus dudas.<\/strong><\/p>\n\t\t\t\t\t<\/div>\n\t\t\t\t\t\t<\/div>\n\t\t\t\t<\/div>\n\t\t\t\t<div class=\"elementor-element elementor-element-c61da9c elementor-align-center elementor-widget elementor-widget-button\" data-id=\"c61da9c\" data-element_type=\"widget\" data-widget_type=\"button.default\">\n\t\t\t\t<div class=\"elementor-widget-container\">\n\t\t\t\t\t<div class=\"elementor-button-wrapper\">\n\t\t\t<a href=\"https:\/\/www.iep.pt\/es\/contactos\/\" class=\"elementor-button-link elementor-button elementor-size-sm\" role=\"button\">\n\t\t\t\t\t\t<span class=\"elementor-button-content-wrapper\">\n\t\t\t\t\t\t<span class=\"elementor-button-text\">CONT\u00c1CTANOS <\/span>\n\t\t<\/span>\n\t\t\t\t\t<\/a>\n\t\t<\/div>\n\t\t\t\t<\/div>\n\t\t\t\t<\/div>\n\t\t\t\t\t\t<\/div>\n\t\t\t\t\t<\/div>\n\t\t<\/div>\n\t\t\t\t\t\t\t\t<\/div>\n\t\t\t\t\t<\/div>\n\t\t<\/section>\n\t\t\t\t<section class=\"elementor-section elementor-top-section elementor-element elementor-element-51cd977 elementor-section-full_width elementor-section-height-default elementor-section-height-default\" data-id=\"51cd977\" data-element_type=\"section\">\n\t\t\t\t\t\t<div class=\"elementor-container elementor-column-gap-no\">\n\t\t\t\t\t\t\t<div class=\"elementor-row\">\n\t\t\t\t\t<div class=\"elementor-column elementor-col-100 elementor-top-column elementor-element elementor-element-ec79692\" data-id=\"ec79692\" data-element_type=\"column\">\n\t\t\t<div class=\"elementor-column-wrap elementor-element-populated\">\n\t\t\t\t\t\t\t<div class=\"elementor-widget-wrap\">\n\t\t\t\t\t\t<div class=\"elementor-element elementor-element-48b3ebe elementor-widget elementor-widget-shortcode\" data-id=\"48b3ebe\" data-element_type=\"widget\" data-widget_type=\"shortcode.default\">\n\t\t\t\t<div class=\"elementor-widget-container\">\n\t\t\t\t\t<div class=\"elementor-shortcode\"><div role=\"form\" class=\"wpcf7\" id=\"wpcf7-f13274-o1\" lang=\"pt-PT\" dir=\"ltr\">\n<div class=\"screen-reader-response\"><p role=\"status\" aria-live=\"polite\" aria-atomic=\"true\"><\/p> <ul><\/ul><\/div>\n<form action=\"\/es\/wp-json\/wp\/v2\/pages\/12907#wpcf7-f13274-o1\" method=\"post\" class=\"wpcf7-form init mailchimp-ext-0.5.68\" novalidate=\"novalidate\" data-status=\"init\">\n<div style=\"display: none;\">\n<input type=\"hidden\" name=\"_wpcf7\" value=\"13274\" \/>\n<input type=\"hidden\" name=\"_wpcf7_version\" value=\"5.5.6.1\" \/>\n<input type=\"hidden\" name=\"_wpcf7_locale\" value=\"pt_PT\" \/>\n<input type=\"hidden\" name=\"_wpcf7_unit_tag\" value=\"wpcf7-f13274-o1\" \/>\n<input type=\"hidden\" name=\"_wpcf7_container_post\" value=\"0\" \/>\n<input type=\"hidden\" name=\"_wpcf7_posted_data_hash\" value=\"\" \/>\n<input type=\"hidden\" name=\"_wpcf7cf_hidden_group_fields\" value=\"[]\" \/>\n<input type=\"hidden\" name=\"_wpcf7cf_hidden_groups\" value=\"[]\" \/>\n<input type=\"hidden\" name=\"_wpcf7cf_visible_groups\" value=\"[]\" \/>\n<input type=\"hidden\" name=\"_wpcf7cf_repeaters\" value=\"[]\" \/>\n<input type=\"hidden\" name=\"_wpcf7cf_steps\" value=\"{}\" \/>\n<input type=\"hidden\" name=\"_wpcf7cf_options\" value=\"{&quot;form_id&quot;:13274,&quot;conditions&quot;:[],&quot;settings&quot;:{&quot;animation&quot;:&quot;yes&quot;,&quot;animation_intime&quot;:200,&quot;animation_outtime&quot;:200,&quot;conditions_ui&quot;:&quot;normal&quot;,&quot;notice_dismissed&quot;:false,&quot;notice_dismissed_rollback-cf7-5.5.5&quot;:true}}\" \/>\n<input type=\"hidden\" name=\"_wpcf7_recaptcha_response\" value=\"\" \/>\n<\/div>\n<div style=\"display:flex; background-color:#00b0a5 !important;\">\n<div style=\"flex: 0.8; padding-top: 50px;\">\n<p style=\"color:#ffffff;font-size: 30px; line-height: 140%; text-align: center; \">NEWSLETTER<\/p>\n<p style=\"color:#ffffff;font-size: 16px; line-height: 120%; text-align: center;\">Subscr\u00edbete a e-news iep<\/p>\n<\/div>\n<div id=\"newsletter\" style=\"padding-top: 50px; padding-bottom:60px; flex: 1.2;\">\n<div style=\"display: flex;width: 75%;\">\n<span class=\"wpcf7-form-control-wrap your-email\"><input type=\"email\" name=\"your-email\" value=\"\" size=\"40\" class=\"wpcf7-form-control wpcf7-text wpcf7-email wpcf7-validates-as-required wpcf7-validates-as-email\" aria-required=\"true\" aria-invalid=\"false\" placeholder=\"Introduce aqu\u00ed tu correo electr\u00f3nico\" \/><\/span><br \/>\n<input type=\"submit\" value=\"Subscribir\" class=\"wpcf7-form-control has-spinner wpcf7-submit\" \/>\n<\/div>\n<div style=\"display:flex; margin-top:20px;width: 75%;\">\n<span class=\"wpcf7-form-control-wrap acceptance-477\"><span class=\"wpcf7-form-control wpcf7-acceptance\"><span class=\"wpcf7-list-item\"><label><input type=\"checkbox\" name=\"acceptance-477\" value=\"1\" aria-invalid=\"false\" \/><span class=\"wpcf7-list-item-label\">He le\u00eddo y acepto la <a class=\"marco\" href=\"\/es\/politica-de-privacidad\/\">  Pol\u00edtica de Privacidad<\/a><\/span><\/label><\/span><\/span><\/span> <span class=\"wpcf7-form-control-wrap acceptance-478\"><span class=\"wpcf7-form-control wpcf7-acceptance\"><span class=\"wpcf7-list-item\"><label><input type=\"checkbox\" name=\"acceptance-478\" value=\"1\" aria-invalid=\"false\" \/><span class=\"wpcf7-list-item-label\">He le\u00eddo y acepto la <a class=\"marco\" href=\"\/es\/politica-de-cookies\/\">  Pol\u00edtica de Cookies <\/a><\/span><\/label><\/span><\/span><\/span>\n<\/div>\n<\/div>\n<style>.marco{color:#fff !important; text-decoration: underline;}.marco:hover {text-decoration: underline;}<\/style>\n<\/div>\n<div class=\"wpcf7-response-output\" aria-hidden=\"true\"><\/div><p style=\"display: none !important\"><span class=\"wpcf7-form-control-wrap referer-page\"><input type=\"hidden\" name=\"referer-page\" value=\"http:\/\/Direct%20Visit\" data-value=\"http:\/\/Direct%20Visit\" class=\"wpcf7-form-control wpcf7-text referer-page\" aria-invalid=\"false\"><\/span><\/p>\n<!-- Chimpmatic extension by Renzo Johnson --><\/form><\/div><\/div>\n\t\t\t\t<\/div>\n\t\t\t\t<\/div>\n\t\t\t\t\t\t<\/div>\n\t\t\t\t\t<\/div>\n\t\t<\/div>\n\t\t\t\t\t\t\t\t<\/div>\n\t\t\t\t\t<\/div>\n\t\t<\/section>\n\t\t\t\t\t\t\t\t\t<\/div>\n\t\t\t<\/div>\n\t\t\t\t\t<\/div>\n\t\t","protected":false},"excerpt":{"rendered":"<p>INNOVACI\u00d3N, INVESTIGACI\u00d3N Y DESARROLLO La innovaci\u00f3n es un pilar fundamental del IEP. Desde sus inicios, colabora con la industria \u2014 especialmente con la electrot\u00e9cnica y electr\u00f3nica \u2014 para incorporar m\u00e1s &hellip;<\/p>\n<p class=\"read-more\"> <a class=\"ast-button\" href=\"https:\/\/www.iep.pt\/es\/servicios\/innovacion-investigacion-y-desarrollo\/\"> <span class=\"screen-reader-text\">INNOVACI\u00d3N, INVESTIGACI\u00d3N Y DESARROLLO<\/span> Descubra mais<\/a><\/p>\n","protected":false},"author":2,"featured_media":0,"parent":12750,"menu_order":0,"comment_status":"closed","ping_status":"closed","template":"","meta":{"spay_email":""},"acf":[],"_links":{"self":[{"href":"https:\/\/www.iep.pt\/es\/wp-json\/wp\/v2\/pages\/12907"}],"collection":[{"href":"https:\/\/www.iep.pt\/es\/wp-json\/wp\/v2\/pages"}],"about":[{"href":"https:\/\/www.iep.pt\/es\/wp-json\/wp\/v2\/types\/page"}],"author":[{"embeddable":true,"href":"https:\/\/www.iep.pt\/es\/wp-json\/wp\/v2\/users\/2"}],"replies":[{"embeddable":true,"href":"https:\/\/www.iep.pt\/es\/wp-json\/wp\/v2\/comments?post=12907"}],"version-history":[{"count":3,"href":"https:\/\/www.iep.pt\/es\/wp-json\/wp\/v2\/pages\/12907\/revisions"}],"predecessor-version":[{"id":24866,"href":"https:\/\/www.iep.pt\/es\/wp-json\/wp\/v2\/pages\/12907\/revisions\/24866"}],"up":[{"embeddable":true,"href":"https:\/\/www.iep.pt\/es\/wp-json\/wp\/v2\/pages\/12750"}],"wp:attachment":[{"href":"https:\/\/www.iep.pt\/es\/wp-json\/wp\/v2\/media?parent=12907"}],"curies":[{"name":"wp","href":"https:\/\/api.w.org\/{rel}","templated":true}]}}