{"id":12941,"date":"2021-08-20T15:04:19","date_gmt":"2021-08-20T15:04:19","guid":{"rendered":"https:\/\/www.iep.pt\/leak-test-control-de-estanqueidad\/"},"modified":"2021-08-20T15:04:20","modified_gmt":"2021-08-20T15:04:20","slug":"leak-test-control-de-estanqueidad","status":"publish","type":"page","link":"https:\/\/www.iep.pt\/es\/servicios\/ensayos-no-destructivos-end\/leak-test-control-de-estanqueidad\/","title":{"rendered":"Leak Test (Control de Estanqueidad)"},"content":{"rendered":"\t\t<div data-elementor-type=\"wp-page\" data-elementor-id=\"12941\" class=\"elementor elementor-12941 elementor-9338\">\n\t\t\t\t\t\t<div class=\"elementor-inner\">\n\t\t\t\t<div class=\"elementor-section-wrap\">\n\t\t\t\t\t\t\t\t\t<section class=\"elementor-section elementor-top-section elementor-element elementor-element-cb7e133 elementor-section-height-min-height elementor-section-boxed elementor-section-height-default elementor-section-items-middle\" data-id=\"cb7e133\" data-element_type=\"section\" data-settings=\"{&quot;background_background&quot;:&quot;classic&quot;}\">\n\t\t\t\t\t\t<div class=\"elementor-container elementor-column-gap-default\">\n\t\t\t\t\t\t\t<div class=\"elementor-row\">\n\t\t\t\t\t<div class=\"elementor-column elementor-col-100 elementor-top-column elementor-element elementor-element-3a9f9f1\" data-id=\"3a9f9f1\" data-element_type=\"column\">\n\t\t\t<div class=\"elementor-column-wrap\">\n\t\t\t\t\t\t\t<div class=\"elementor-widget-wrap\">\n\t\t\t\t\t\t\t\t<\/div>\n\t\t\t\t\t<\/div>\n\t\t<\/div>\n\t\t\t\t\t\t\t\t<\/div>\n\t\t\t\t\t<\/div>\n\t\t<\/section>\n\t\t\t\t<section class=\"elementor-section elementor-top-section elementor-element elementor-element-f3a1ad8 elementor-section-boxed elementor-section-height-default elementor-section-height-default\" data-id=\"f3a1ad8\" data-element_type=\"section\">\n\t\t\t\t\t\t<div class=\"elementor-container elementor-column-gap-default\">\n\t\t\t\t\t\t\t<div class=\"elementor-row\">\n\t\t\t\t\t<div class=\"elementor-column elementor-col-50 elementor-top-column elementor-element elementor-element-102a4fd\" data-id=\"102a4fd\" data-element_type=\"column\">\n\t\t\t<div class=\"elementor-column-wrap elementor-element-populated\">\n\t\t\t\t\t\t\t<div class=\"elementor-widget-wrap\">\n\t\t\t\t\t\t<div class=\"elementor-element elementor-element-71058b2 elementor-widget elementor-widget-heading\" data-id=\"71058b2\" data-element_type=\"widget\" data-widget_type=\"heading.default\">\n\t\t\t\t<div class=\"elementor-widget-container\">\n\t\t\t<h2 class=\"elementor-heading-title elementor-size-default\">LEAK TEST (CONTROL DE ESTANQUEIDAD)<\/h2>\t\t<\/div>\n\t\t\t\t<\/div>\n\t\t\t\t\t\t<\/div>\n\t\t\t\t\t<\/div>\n\t\t<\/div>\n\t\t\t\t<div class=\"elementor-column elementor-col-50 elementor-top-column elementor-element elementor-element-a4222b8\" data-id=\"a4222b8\" data-element_type=\"column\">\n\t\t\t<div class=\"elementor-column-wrap elementor-element-populated\">\n\t\t\t\t\t\t\t<div class=\"elementor-widget-wrap\">\n\t\t\t\t\t\t<div class=\"elementor-element elementor-element-7811cd5 elementor-widget elementor-widget-text-editor\" data-id=\"7811cd5\" data-element_type=\"widget\" data-widget_type=\"text-editor.default\">\n\t\t\t\t<div class=\"elementor-widget-container\">\n\t\t\t\t\t\t\t\t<div class=\"elementor-text-editor elementor-clearfix\">\n\t\t\t\t<p>El control de estanqueidad puede ser realizado utilizando diferentes t\u00e9cnicas. La normativa europea EN 1779:1999 define 17 t\u00e9cnicas, que pueden ser agrupadas en cinco categor\u00edas. Dependiendo de la t\u00e9cnica escogida, la sensibilidad del ensayo puede variar. La normativa citada define igualmente los l\u00edmites normalmente obtenidos en el recurso de ensayos industriales. <\/p>\n\t\t\t\t\t<\/div>\n\t\t\t\t\t\t<\/div>\n\t\t\t\t<\/div>\n\t\t\t\t\t\t<\/div>\n\t\t\t\t\t<\/div>\n\t\t<\/div>\n\t\t\t\t\t\t\t\t<\/div>\n\t\t\t\t\t<\/div>\n\t\t<\/section>\n\t\t\t\t<section class=\"elementor-section elementor-top-section elementor-element elementor-element-2205fd8 elementor-section-boxed elementor-section-height-default elementor-section-height-default\" data-id=\"2205fd8\" data-element_type=\"section\" data-settings=\"{&quot;background_background&quot;:&quot;classic&quot;}\">\n\t\t\t\t\t\t\t<div class=\"elementor-background-overlay\"><\/div>\n\t\t\t\t\t\t\t<div class=\"elementor-container elementor-column-gap-default\">\n\t\t\t\t\t\t\t<div class=\"elementor-row\">\n\t\t\t\t\t<div class=\"elementor-column elementor-col-100 elementor-top-column elementor-element elementor-element-9b126c2\" data-id=\"9b126c2\" data-element_type=\"column\">\n\t\t\t<div class=\"elementor-column-wrap elementor-element-populated\">\n\t\t\t\t\t\t\t<div class=\"elementor-widget-wrap\">\n\t\t\t\t\t\t<div class=\"elementor-element elementor-element-e01b38b elementor-widget elementor-widget-heading\" data-id=\"e01b38b\" data-element_type=\"widget\" data-widget_type=\"heading.default\">\n\t\t\t\t<div class=\"elementor-widget-container\">\n\t\t\t<h2 class=\"elementor-heading-title elementor-size-default\">\u00bfNECESITAS <span style=\"color: #00b0a5; font-weight: normal;\">AYUDA?<\/span><\/h2>\t\t<\/div>\n\t\t\t\t<\/div>\n\t\t\t\t<div class=\"elementor-element elementor-element-7f9dd20 elementor-widget elementor-widget-text-editor\" data-id=\"7f9dd20\" data-element_type=\"widget\" data-widget_type=\"text-editor.default\">\n\t\t\t\t<div class=\"elementor-widget-container\">\n\t\t\t\t\t\t\t\t<div class=\"elementor-text-editor elementor-clearfix\">\n\t\t\t\t<p style=\"text-align: center;\"><strong>Si necesitas m\u00e1s informaci\u00f3n sobre nuestros servicios, entra en contacto con nosotros y resuelve todas sus dudas.<br \/>\n<\/strong><\/p>\n\t\t\t\t\t<\/div>\n\t\t\t\t\t\t<\/div>\n\t\t\t\t<\/div>\n\t\t\t\t<div class=\"elementor-element elementor-element-b4eb085 elementor-align-center elementor-widget elementor-widget-button\" data-id=\"b4eb085\" data-element_type=\"widget\" data-widget_type=\"button.default\">\n\t\t\t\t<div class=\"elementor-widget-container\">\n\t\t\t\t\t<div class=\"elementor-button-wrapper\">\n\t\t\t<a href=\"https:\/\/www.iep.pt\/es\/contactos\/\" class=\"elementor-button-link elementor-button elementor-size-sm\" role=\"button\">\n\t\t\t\t\t\t<span class=\"elementor-button-content-wrapper\">\n\t\t\t\t\t\t<span class=\"elementor-button-text\">CONT\u00c1CTANOS <\/span>\n\t\t<\/span>\n\t\t\t\t\t<\/a>\n\t\t<\/div>\n\t\t\t\t<\/div>\n\t\t\t\t<\/div>\n\t\t\t\t\t\t<\/div>\n\t\t\t\t\t<\/div>\n\t\t<\/div>\n\t\t\t\t\t\t\t\t<\/div>\n\t\t\t\t\t<\/div>\n\t\t<\/section>\n\t\t\t\t<section class=\"elementor-section elementor-top-section elementor-element elementor-element-71e9f2a elementor-section-full_width elementor-section-height-default elementor-section-height-default\" data-id=\"71e9f2a\" data-element_type=\"section\">\n\t\t\t\t\t\t<div class=\"elementor-container elementor-column-gap-no\">\n\t\t\t\t\t\t\t<div class=\"elementor-row\">\n\t\t\t\t\t<div class=\"elementor-column elementor-col-100 elementor-top-column elementor-element elementor-element-12ff8de\" data-id=\"12ff8de\" data-element_type=\"column\">\n\t\t\t<div class=\"elementor-column-wrap elementor-element-populated\">\n\t\t\t\t\t\t\t<div class=\"elementor-widget-wrap\">\n\t\t\t\t\t\t<div class=\"elementor-element elementor-element-2b6ca89 elementor-widget elementor-widget-shortcode\" data-id=\"2b6ca89\" data-element_type=\"widget\" data-widget_type=\"shortcode.default\">\n\t\t\t\t<div class=\"elementor-widget-container\">\n\t\t\t\t\t<div class=\"elementor-shortcode\"><div role=\"form\" class=\"wpcf7\" id=\"wpcf7-f9070-o1\" lang=\"pt-PT\" dir=\"ltr\">\n<div class=\"screen-reader-response\"><p role=\"status\" aria-live=\"polite\" aria-atomic=\"true\"><\/p> <ul><\/ul><\/div>\n<form action=\"\/es\/wp-json\/wp\/v2\/pages\/12941#wpcf7-f9070-o1\" method=\"post\" class=\"wpcf7-form init mailchimp-ext-0.5.68\" novalidate=\"novalidate\" data-status=\"init\">\n<div style=\"display: none;\">\n<input type=\"hidden\" name=\"_wpcf7\" value=\"9070\" \/>\n<input type=\"hidden\" name=\"_wpcf7_version\" value=\"5.5.6.1\" \/>\n<input type=\"hidden\" name=\"_wpcf7_locale\" value=\"pt_PT\" \/>\n<input type=\"hidden\" name=\"_wpcf7_unit_tag\" value=\"wpcf7-f9070-o1\" \/>\n<input type=\"hidden\" name=\"_wpcf7_container_post\" value=\"0\" \/>\n<input type=\"hidden\" name=\"_wpcf7_posted_data_hash\" value=\"\" \/>\n<input type=\"hidden\" name=\"_wpcf7cf_hidden_group_fields\" value=\"[]\" \/>\n<input type=\"hidden\" name=\"_wpcf7cf_hidden_groups\" value=\"[]\" \/>\n<input type=\"hidden\" name=\"_wpcf7cf_visible_groups\" value=\"[]\" \/>\n<input type=\"hidden\" name=\"_wpcf7cf_repeaters\" value=\"[]\" \/>\n<input type=\"hidden\" name=\"_wpcf7cf_steps\" value=\"{}\" \/>\n<input type=\"hidden\" name=\"_wpcf7cf_options\" value=\"{&quot;form_id&quot;:9070,&quot;conditions&quot;:[],&quot;settings&quot;:{&quot;animation&quot;:&quot;yes&quot;,&quot;animation_intime&quot;:200,&quot;animation_outtime&quot;:200,&quot;conditions_ui&quot;:&quot;normal&quot;,&quot;notice_dismissed&quot;:false,&quot;notice_dismissed_rollback-cf7-5.5.5&quot;:true}}\" \/>\n<input type=\"hidden\" name=\"_wpcf7_recaptcha_response\" value=\"\" \/>\n<\/div>\n<div style=\"display:flex; background-color:#00b0a5 !important;\" class=\"mobile-news\">\n<div style=\"flex: 0.8; padding-top: 50px;\">\n<p style=\"color:#ffffff;font-size: 30px; line-height: 140%; text-align: center; \">NEWSLETTER<\/p>\n<p style=\"color:#ffffff;font-size: 16px; line-height: 120%; text-align: center;\">Subscreva a e-news iep<\/p>\n<\/div>\n<div id=\"newsletter\" style=\"padding-top: 50px; padding-bottom:60px; flex: 1.2;\">\n<div style=\"display: flex;width: 75%;\">\n<span class=\"wpcf7-form-control-wrap your-email\"><input type=\"email\" name=\"your-email\" value=\"\" size=\"40\" class=\"wpcf7-form-control wpcf7-text wpcf7-email wpcf7-validates-as-required wpcf7-validates-as-email\" aria-required=\"true\" aria-invalid=\"false\" placeholder=\"Introduza aqui o seu email\" \/><\/span><br \/>\n<input type=\"submit\" value=\"Subscrever\" class=\"wpcf7-form-control has-spinner wpcf7-submit\" \/>\n<\/div>\n<div style=\"display:flex; margin-top:20px;width: 75%;\">\n<span class=\"wpcf7-form-control-wrap acceptance-477\"><span class=\"wpcf7-form-control wpcf7-acceptance\"><span class=\"wpcf7-list-item\"><label><input type=\"checkbox\" name=\"acceptance-477\" value=\"1\" aria-invalid=\"false\" \/><span class=\"wpcf7-list-item-label\">Li e concordo com a <a class=\"marco\" href=\"\/politica-de-privacidade\/\">Pol\u00edtica de Privacidade<\/a><\/span><\/label><\/span><\/span><\/span> <span class=\"wpcf7-form-control-wrap acceptance-478\"><span class=\"wpcf7-form-control wpcf7-acceptance\"><span class=\"wpcf7-list-item\"><label><input type=\"checkbox\" name=\"acceptance-478\" value=\"1\" aria-invalid=\"false\" \/><span class=\"wpcf7-list-item-label\">Li e concordo com a <a class=\"marco\" href=\"\/politica-de-cookies\/\">Pol\u00edtica de Cookies<\/a><\/span><\/label><\/span><\/span><\/span>\n<\/div>\n<\/div>\n<style>.marco{color:#fff !important; text-decoration: underline;}.marco:hover {text-decoration: underline;}<\/style>\n<\/div>\n<div class=\"wpcf7-response-output\" aria-hidden=\"true\"><\/div><p style=\"display: none !important\"><span class=\"wpcf7-form-control-wrap referer-page\"><input type=\"hidden\" name=\"referer-page\" value=\"http:\/\/Direct%20Visit\" data-value=\"http:\/\/Direct%20Visit\" class=\"wpcf7-form-control wpcf7-text referer-page\" aria-invalid=\"false\"><\/span><\/p>\n<!-- Chimpmatic extension by Renzo Johnson --><\/form><\/div><\/div>\n\t\t\t\t<\/div>\n\t\t\t\t<\/div>\n\t\t\t\t\t\t<\/div>\n\t\t\t\t\t<\/div>\n\t\t<\/div>\n\t\t\t\t\t\t\t\t<\/div>\n\t\t\t\t\t<\/div>\n\t\t<\/section>\n\t\t\t\t\t\t\t\t\t<\/div>\n\t\t\t<\/div>\n\t\t\t\t\t<\/div>\n\t\t","protected":false},"excerpt":{"rendered":"<p>LEAK TEST (CONTROL DE ESTANQUEIDAD) El control de estanqueidad puede ser realizado utilizando diferentes t\u00e9cnicas. La normativa europea EN 1779:1999 define 17 t\u00e9cnicas, que pueden ser agrupadas en cinco categor\u00edas. &hellip;<\/p>\n<p class=\"read-more\"> <a class=\"ast-button\" href=\"https:\/\/www.iep.pt\/es\/servicios\/ensayos-no-destructivos-end\/leak-test-control-de-estanqueidad\/\"> <span class=\"screen-reader-text\">Leak Test (Control de Estanqueidad)<\/span> Descubra mais<\/a><\/p>\n","protected":false},"author":2,"featured_media":0,"parent":12945,"menu_order":0,"comment_status":"closed","ping_status":"closed","template":"","meta":{"spay_email":""},"acf":[],"_links":{"self":[{"href":"https:\/\/www.iep.pt\/es\/wp-json\/wp\/v2\/pages\/12941"}],"collection":[{"href":"https:\/\/www.iep.pt\/es\/wp-json\/wp\/v2\/pages"}],"about":[{"href":"https:\/\/www.iep.pt\/es\/wp-json\/wp\/v2\/types\/page"}],"author":[{"embeddable":true,"href":"https:\/\/www.iep.pt\/es\/wp-json\/wp\/v2\/users\/2"}],"replies":[{"embeddable":true,"href":"https:\/\/www.iep.pt\/es\/wp-json\/wp\/v2\/comments?post=12941"}],"version-history":[{"count":0,"href":"https:\/\/www.iep.pt\/es\/wp-json\/wp\/v2\/pages\/12941\/revisions"}],"up":[{"embeddable":true,"href":"https:\/\/www.iep.pt\/es\/wp-json\/wp\/v2\/pages\/12945"}],"wp:attachment":[{"href":"https:\/\/www.iep.pt\/es\/wp-json\/wp\/v2\/media?parent=12941"}],"curies":[{"name":"wp","href":"https:\/\/api.w.org\/{rel}","templated":true}]}}