{"id":12968,"date":"2021-08-20T16:15:59","date_gmt":"2021-08-20T16:15:59","guid":{"rendered":"https:\/\/www.iep.pt\/sistemas-de-produccion-de-energia\/"},"modified":"2023-06-26T10:59:23","modified_gmt":"2023-06-26T10:59:23","slug":"evaluacion-del-desempeno-de-activos-ada","status":"publish","type":"page","link":"https:\/\/www.iep.pt\/es\/servicios\/sostenibilidad-y-energia\/evaluacion-del-desempeno-de-activos-ada\/","title":{"rendered":"Evaluaci\u00f3n del desempeno de activos (ada)"},"content":{"rendered":"\t\t<div data-elementor-type=\"wp-page\" data-elementor-id=\"12968\" class=\"elementor elementor-12968 elementor-9309\">\n\t\t\t\t\t\t<div class=\"elementor-inner\">\n\t\t\t\t<div class=\"elementor-section-wrap\">\n\t\t\t\t\t\t\t\t\t<section class=\"elementor-section elementor-top-section elementor-element elementor-element-00191b3 elementor-section-height-min-height elementor-section-boxed elementor-section-height-default elementor-section-items-middle\" data-id=\"00191b3\" data-element_type=\"section\" data-settings=\"{&quot;background_background&quot;:&quot;classic&quot;}\">\n\t\t\t\t\t\t<div class=\"elementor-container elementor-column-gap-default\">\n\t\t\t\t\t\t\t<div class=\"elementor-row\">\n\t\t\t\t\t<div class=\"elementor-column elementor-col-100 elementor-top-column elementor-element elementor-element-deafc4f\" data-id=\"deafc4f\" data-element_type=\"column\">\n\t\t\t<div class=\"elementor-column-wrap\">\n\t\t\t\t\t\t\t<div class=\"elementor-widget-wrap\">\n\t\t\t\t\t\t\t\t<\/div>\n\t\t\t\t\t<\/div>\n\t\t<\/div>\n\t\t\t\t\t\t\t\t<\/div>\n\t\t\t\t\t<\/div>\n\t\t<\/section>\n\t\t\t\t<section class=\"elementor-section elementor-top-section elementor-element elementor-element-623267c elementor-section-boxed elementor-section-height-default elementor-section-height-default\" data-id=\"623267c\" data-element_type=\"section\">\n\t\t\t\t\t\t<div class=\"elementor-container elementor-column-gap-default\">\n\t\t\t\t\t\t\t<div class=\"elementor-row\">\n\t\t\t\t\t<div class=\"elementor-column elementor-col-50 elementor-top-column elementor-element elementor-element-087eac6\" data-id=\"087eac6\" data-element_type=\"column\">\n\t\t\t<div class=\"elementor-column-wrap elementor-element-populated\">\n\t\t\t\t\t\t\t<div class=\"elementor-widget-wrap\">\n\t\t\t\t\t\t<div class=\"elementor-element elementor-element-bb6bbfa elementor-widget elementor-widget-heading\" data-id=\"bb6bbfa\" data-element_type=\"widget\" data-widget_type=\"heading.default\">\n\t\t\t\t<div class=\"elementor-widget-container\">\n\t\t\t<h2 class=\"elementor-heading-title elementor-size-default\">EVALUACI\u00d3N DEL DESEMPE\u00d1O DE ACTIVOS (ADA)<\/h2>\t\t<\/div>\n\t\t\t\t<\/div>\n\t\t\t\t\t\t<\/div>\n\t\t\t\t\t<\/div>\n\t\t<\/div>\n\t\t\t\t<div class=\"elementor-column elementor-col-50 elementor-top-column elementor-element elementor-element-6802e9b\" data-id=\"6802e9b\" data-element_type=\"column\">\n\t\t\t<div class=\"elementor-column-wrap elementor-element-populated\">\n\t\t\t\t\t\t\t<div class=\"elementor-widget-wrap\">\n\t\t\t\t\t\t<div class=\"elementor-element elementor-element-b622aec elementor-widget elementor-widget-text-editor\" data-id=\"b622aec\" data-element_type=\"widget\" data-widget_type=\"text-editor.default\">\n\t\t\t\t<div class=\"elementor-widget-container\">\n\t\t\t\t\t\t\t\t<div class=\"elementor-text-editor elementor-clearfix\">\n\t\t\t\t<p>Las pruebas y las inspecciones desempe\u00f1an un papel fundamental en la gesti\u00f3n de activos.<br><span style=\"font-size: 16px;\"><br>Entre los aspectos m\u00e1s relevantes que se eval\u00faan, podemos destacar aquellos que est\u00e1n directamente relacionados con la eficiencia, la seguridad, la viabilidad y la longevidad de dichos activos.<br><\/span><span style=\"font-size: 16px;\"><br>Las inspecciones regulares permiten detectar problemas y fallas antes de que se vuelvan m\u00e1s graves y causen da\u00f1os mayores. En el caso de los sistemas fotovoltaicos, por ejemplo, una inspecci\u00f3n puede identificar paneles solares da\u00f1ados o sucios, conexiones sueltas o defectuosas, lo que puede afectar negativamente la producci\u00f3n de energ\u00eda. En el caso de los bienes inmuebles, una inspecci\u00f3n puede revelar infiltraciones, problemas estructurales o el\u00e9ctricos, entre otros.<\/span><\/p>\n<p><\/p>\n<p>Nuestra visi\u00f3n para una evaluaci\u00f3n independiente de activos no financieros en el \u00e1mbito inmobiliario y de energ\u00edas renovables (fotovoltaica, e\u00f3lica e hidroel\u00e9ctrica) tiene como objetivo evaluar principalmente los aspectos t\u00e9cnicos, pero tambi\u00e9n el cumplimiento de los requisitos legales, analizando todos los proyectos de las especialidades involucradas y realizando un an\u00e1lisis detallado de los contratos para validar su implementaci\u00f3n efectiva en las visitas al terreno. Este seguimiento se realiza de forma peri\u00f3dica para obtener un conocimiento del activo a lo largo de todo su ciclo de vida.<\/p>\n<p><\/p>\n<p><b>Consulte nuestros siguientes servicios:<br><\/b><span style=\"font-size: 16px;\">Due Diligence t\u00e9cnica y evaluaci\u00f3n de carteras de activos solares, inmobiliarios y e\u00f3licos.<br><\/span><span style=\"font-size: 16px;\">An\u00e1lisis de proyectos fotovoltaicos.<br><\/span><span style=\"font-size: 16px;\">Inspecciones remotas utilizando drones en infraestructuras (inmuebles, activos solares y e\u00f3licos, infraestructuras de telecomunicaciones).<br><\/span><span style=\"font-size: 16px;\">Pruebas de puesta en marcha que incluyen (curvas IV, resistencia de aislamiento, eficiencia de inversores, etc.).<br><\/span><span style=\"font-size: 16px;\">Pruebas de electroluminiscencia.<br><\/span><span style=\"font-size: 16px;\">Inspecci\u00f3n estructural de soportes de m\u00f3dulos fotovoltaicos (pruebas no destructivas).<br><\/span><span style=\"font-size: 16px;\">Evaluaci\u00f3n del \u00edndice de rendimiento (PR) de parques fotovoltaicos.<br><\/span><span style=\"font-size: 16px;\">Evaluaci\u00f3n contractual (pruebas de final de contrato FAT) y revisi\u00f3n de procedimientos de operaci\u00f3n y mantenimiento.<br><\/span><span style=\"font-size: 16px;\">Evaluaci\u00f3n de la producci\u00f3n de energ\u00eda.<br><\/span><span style=\"font-size: 16px;\">An\u00e1lisis de viabilidad de proyectos fotovoltaicos.<br><\/span><span style=\"font-size: 16px;\">An\u00e1lisis e inspecci\u00f3n para la extensi\u00f3n de vida \u00fatil de activos.<\/span><\/p>\t\t\t\t\t<\/div>\n\t\t\t\t\t\t<\/div>\n\t\t\t\t<\/div>\n\t\t\t\t\t\t<\/div>\n\t\t\t\t\t<\/div>\n\t\t<\/div>\n\t\t\t\t\t\t\t\t<\/div>\n\t\t\t\t\t<\/div>\n\t\t<\/section>\n\t\t\t\t<section class=\"elementor-section elementor-top-section elementor-element elementor-element-90ebe35 elementor-section-boxed elementor-section-height-default elementor-section-height-default\" data-id=\"90ebe35\" data-element_type=\"section\" data-settings=\"{&quot;background_background&quot;:&quot;classic&quot;}\">\n\t\t\t\t\t\t\t<div class=\"elementor-background-overlay\"><\/div>\n\t\t\t\t\t\t\t<div class=\"elementor-container elementor-column-gap-default\">\n\t\t\t\t\t\t\t<div class=\"elementor-row\">\n\t\t\t\t\t<div class=\"elementor-column elementor-col-100 elementor-top-column elementor-element elementor-element-1b49362\" data-id=\"1b49362\" data-element_type=\"column\">\n\t\t\t<div class=\"elementor-column-wrap elementor-element-populated\">\n\t\t\t\t\t\t\t<div class=\"elementor-widget-wrap\">\n\t\t\t\t\t\t<div class=\"elementor-element elementor-element-766ae5f elementor-widget elementor-widget-heading\" data-id=\"766ae5f\" data-element_type=\"widget\" data-widget_type=\"heading.default\">\n\t\t\t\t<div class=\"elementor-widget-container\">\n\t\t\t<h2 class=\"elementor-heading-title elementor-size-default\">\u00bfNECESITAS <span style=\"color: #00b0a5; font-weight: normal;\">AYUDA?<\/span><\/h2>\t\t<\/div>\n\t\t\t\t<\/div>\n\t\t\t\t<div class=\"elementor-element elementor-element-e55ed11 elementor-widget elementor-widget-text-editor\" data-id=\"e55ed11\" data-element_type=\"widget\" data-widget_type=\"text-editor.default\">\n\t\t\t\t<div class=\"elementor-widget-container\">\n\t\t\t\t\t\t\t\t<div class=\"elementor-text-editor elementor-clearfix\">\n\t\t\t\t<p style=\"text-align: center;\"><strong>Si necesitas m\u00e1s informaci\u00f3n sobre nuestros servicios, entra en contacto con nosotros y resuelve todas sus dudas.<\/strong><\/p>\n\t\t\t\t\t<\/div>\n\t\t\t\t\t\t<\/div>\n\t\t\t\t<\/div>\n\t\t\t\t<div class=\"elementor-element elementor-element-a840747 elementor-align-center elementor-widget elementor-widget-button\" data-id=\"a840747\" data-element_type=\"widget\" data-widget_type=\"button.default\">\n\t\t\t\t<div class=\"elementor-widget-container\">\n\t\t\t\t\t<div class=\"elementor-button-wrapper\">\n\t\t\t<a href=\"https:\/\/www.iep.pt\/es\/contactos\/\" class=\"elementor-button-link elementor-button elementor-size-sm\" role=\"button\">\n\t\t\t\t\t\t<span class=\"elementor-button-content-wrapper\">\n\t\t\t\t\t\t<span class=\"elementor-button-text\">CONT\u00c1CTANOS <\/span>\n\t\t<\/span>\n\t\t\t\t\t<\/a>\n\t\t<\/div>\n\t\t\t\t<\/div>\n\t\t\t\t<\/div>\n\t\t\t\t\t\t<\/div>\n\t\t\t\t\t<\/div>\n\t\t<\/div>\n\t\t\t\t\t\t\t\t<\/div>\n\t\t\t\t\t<\/div>\n\t\t<\/section>\n\t\t\t\t<section class=\"elementor-section elementor-top-section elementor-element elementor-element-df4ce49 elementor-section-full_width elementor-section-height-default elementor-section-height-default\" data-id=\"df4ce49\" data-element_type=\"section\">\n\t\t\t\t\t\t<div class=\"elementor-container elementor-column-gap-no\">\n\t\t\t\t\t\t\t<div class=\"elementor-row\">\n\t\t\t\t\t<div class=\"elementor-column elementor-col-100 elementor-top-column elementor-element elementor-element-090597d\" data-id=\"090597d\" data-element_type=\"column\">\n\t\t\t<div class=\"elementor-column-wrap elementor-element-populated\">\n\t\t\t\t\t\t\t<div class=\"elementor-widget-wrap\">\n\t\t\t\t\t\t<div class=\"elementor-element elementor-element-1e77eb9 elementor-widget elementor-widget-shortcode\" data-id=\"1e77eb9\" data-element_type=\"widget\" data-widget_type=\"shortcode.default\">\n\t\t\t\t<div class=\"elementor-widget-container\">\n\t\t\t\t\t<div class=\"elementor-shortcode\"><div role=\"form\" class=\"wpcf7\" id=\"wpcf7-f9070-o1\" lang=\"pt-PT\" dir=\"ltr\">\n<div class=\"screen-reader-response\"><p role=\"status\" aria-live=\"polite\" aria-atomic=\"true\"><\/p> <ul><\/ul><\/div>\n<form action=\"\/es\/wp-json\/wp\/v2\/pages\/12968?doing_wp_cron=1778699058.6726679801940917968750#wpcf7-f9070-o1\" method=\"post\" class=\"wpcf7-form init mailchimp-ext-0.5.68\" novalidate=\"novalidate\" data-status=\"init\">\n<div style=\"display: none;\">\n<input type=\"hidden\" name=\"_wpcf7\" value=\"9070\" \/>\n<input type=\"hidden\" name=\"_wpcf7_version\" value=\"5.5.6.1\" \/>\n<input type=\"hidden\" name=\"_wpcf7_locale\" value=\"pt_PT\" \/>\n<input type=\"hidden\" name=\"_wpcf7_unit_tag\" value=\"wpcf7-f9070-o1\" \/>\n<input type=\"hidden\" name=\"_wpcf7_container_post\" value=\"0\" \/>\n<input type=\"hidden\" name=\"_wpcf7_posted_data_hash\" value=\"\" \/>\n<input type=\"hidden\" name=\"_wpcf7cf_hidden_group_fields\" value=\"[]\" \/>\n<input type=\"hidden\" name=\"_wpcf7cf_hidden_groups\" value=\"[]\" \/>\n<input type=\"hidden\" name=\"_wpcf7cf_visible_groups\" value=\"[]\" \/>\n<input type=\"hidden\" name=\"_wpcf7cf_repeaters\" value=\"[]\" \/>\n<input type=\"hidden\" name=\"_wpcf7cf_steps\" value=\"{}\" \/>\n<input type=\"hidden\" name=\"_wpcf7cf_options\" value=\"{&quot;form_id&quot;:9070,&quot;conditions&quot;:[],&quot;settings&quot;:{&quot;animation&quot;:&quot;yes&quot;,&quot;animation_intime&quot;:200,&quot;animation_outtime&quot;:200,&quot;conditions_ui&quot;:&quot;normal&quot;,&quot;notice_dismissed&quot;:false,&quot;notice_dismissed_rollback-cf7-5.5.5&quot;:true}}\" \/>\n<input type=\"hidden\" name=\"_wpcf7_recaptcha_response\" value=\"\" \/>\n<\/div>\n<div style=\"display:flex; background-color:#00b0a5 !important;\" class=\"mobile-news\">\n<div style=\"flex: 0.8; padding-top: 50px;\">\n<p style=\"color:#ffffff;font-size: 30px; line-height: 140%; text-align: center; \">NEWSLETTER<\/p>\n<p style=\"color:#ffffff;font-size: 16px; line-height: 120%; text-align: center;\">Subscreva a e-news iep<\/p>\n<\/div>\n<div id=\"newsletter\" style=\"padding-top: 50px; padding-bottom:60px; flex: 1.2;\">\n<div style=\"display: flex;width: 75%;\">\n<span class=\"wpcf7-form-control-wrap your-email\"><input type=\"email\" name=\"your-email\" value=\"\" size=\"40\" class=\"wpcf7-form-control wpcf7-text wpcf7-email wpcf7-validates-as-required wpcf7-validates-as-email\" aria-required=\"true\" aria-invalid=\"false\" placeholder=\"Introduza aqui o seu email\" \/><\/span><br \/>\n<input type=\"submit\" value=\"Subscrever\" class=\"wpcf7-form-control has-spinner wpcf7-submit\" \/>\n<\/div>\n<div style=\"display:flex; margin-top:20px;width: 75%;\">\n<span class=\"wpcf7-form-control-wrap acceptance-477\"><span class=\"wpcf7-form-control wpcf7-acceptance\"><span class=\"wpcf7-list-item\"><label><input type=\"checkbox\" name=\"acceptance-477\" value=\"1\" aria-invalid=\"false\" \/><span class=\"wpcf7-list-item-label\">Li e concordo com a <a class=\"marco\" href=\"\/politica-de-privacidade\/\">Pol\u00edtica de Privacidade<\/a><\/span><\/label><\/span><\/span><\/span> <span class=\"wpcf7-form-control-wrap acceptance-478\"><span class=\"wpcf7-form-control wpcf7-acceptance\"><span class=\"wpcf7-list-item\"><label><input type=\"checkbox\" name=\"acceptance-478\" value=\"1\" aria-invalid=\"false\" \/><span class=\"wpcf7-list-item-label\">Li e concordo com a <a class=\"marco\" href=\"\/politica-de-cookies\/\">Pol\u00edtica de Cookies<\/a><\/span><\/label><\/span><\/span><\/span>\n<\/div>\n<\/div>\n<style>.marco{color:#fff !important; text-decoration: underline;}.marco:hover {text-decoration: underline;}<\/style>\n<\/div>\n<div class=\"wpcf7-response-output\" aria-hidden=\"true\"><\/div><p style=\"display: none !important\"><span class=\"wpcf7-form-control-wrap referer-page\"><input type=\"hidden\" name=\"referer-page\" value=\"https:\/\/www.iep.pt\/es\/wp-json\/wp\/v2\/pages\/12968\" data-value=\"https:\/\/www.iep.pt\/es\/wp-json\/wp\/v2\/pages\/12968\" class=\"wpcf7-form-control wpcf7-text referer-page\" aria-invalid=\"false\"><\/span><\/p>\n<!-- Chimpmatic extension by Renzo Johnson --><\/form><\/div><\/div>\n\t\t\t\t<\/div>\n\t\t\t\t<\/div>\n\t\t\t\t\t\t<\/div>\n\t\t\t\t\t<\/div>\n\t\t<\/div>\n\t\t\t\t\t\t\t\t<\/div>\n\t\t\t\t\t<\/div>\n\t\t<\/section>\n\t\t\t\t\t\t\t\t\t<\/div>\n\t\t\t<\/div>\n\t\t\t\t\t<\/div>\n\t\t","protected":false},"excerpt":{"rendered":"<p>SISTEMAS DE PRODUCCI\u00d3N DE ENERG\u00cdA Con una mirada atenta a las energ\u00edas renovables y en la descarbonizaci\u00f3n de la econom\u00eda, el IEP dispone de equipos capaces de inspeccionar al detalle &hellip;<\/p>\n<p class=\"read-more\"> <a class=\"ast-button\" href=\"https:\/\/www.iep.pt\/es\/servicios\/sostenibilidad-y-energia\/evaluacion-del-desempeno-de-activos-ada\/\"> <span class=\"screen-reader-text\">Evaluaci\u00f3n del desempeno de activos (ada)<\/span> Descubra mais<\/a><\/p>\n","protected":false},"author":2,"featured_media":0,"parent":12986,"menu_order":0,"comment_status":"closed","ping_status":"closed","template":"","meta":{"spay_email":""},"acf":[],"_links":{"self":[{"href":"https:\/\/www.iep.pt\/es\/wp-json\/wp\/v2\/pages\/12968"}],"collection":[{"href":"https:\/\/www.iep.pt\/es\/wp-json\/wp\/v2\/pages"}],"about":[{"href":"https:\/\/www.iep.pt\/es\/wp-json\/wp\/v2\/types\/page"}],"author":[{"embeddable":true,"href":"https:\/\/www.iep.pt\/es\/wp-json\/wp\/v2\/users\/2"}],"replies":[{"embeddable":true,"href":"https:\/\/www.iep.pt\/es\/wp-json\/wp\/v2\/comments?post=12968"}],"version-history":[{"count":4,"href":"https:\/\/www.iep.pt\/es\/wp-json\/wp\/v2\/pages\/12968\/revisions"}],"predecessor-version":[{"id":18927,"href":"https:\/\/www.iep.pt\/es\/wp-json\/wp\/v2\/pages\/12968\/revisions\/18927"}],"up":[{"embeddable":true,"href":"https:\/\/www.iep.pt\/es\/wp-json\/wp\/v2\/pages\/12986"}],"wp:attachment":[{"href":"https:\/\/www.iep.pt\/es\/wp-json\/wp\/v2\/media?parent=12968"}],"curies":[{"name":"wp","href":"https:\/\/api.w.org\/{rel}","templated":true}]}}