{"id":13063,"date":"2021-08-23T08:50:09","date_gmt":"2021-08-23T08:50:09","guid":{"rendered":"https:\/\/www.iep.pt\/politica-de-cookies\/"},"modified":"2021-08-23T08:50:11","modified_gmt":"2021-08-23T08:50:11","slug":"politica-de-cookies","status":"publish","type":"page","link":"https:\/\/www.iep.pt\/es\/politica-de-cookies\/","title":{"rendered":"Pol\u00edtica de Cookies"},"content":{"rendered":"\t\t<div data-elementor-type=\"wp-page\" data-elementor-id=\"13063\" class=\"elementor elementor-13063 elementor-10534\">\n\t\t\t\t\t\t<div class=\"elementor-inner\">\n\t\t\t\t<div class=\"elementor-section-wrap\">\n\t\t\t\t\t\t\t\t\t<section class=\"elementor-section elementor-top-section elementor-element elementor-element-974538b elementor-section-height-min-height elementor-section-boxed elementor-section-height-default elementor-section-items-middle\" data-id=\"974538b\" data-element_type=\"section\" data-settings=\"{&quot;background_background&quot;:&quot;classic&quot;}\">\n\t\t\t\t\t\t<div class=\"elementor-container elementor-column-gap-default\">\n\t\t\t\t\t\t\t<div class=\"elementor-row\">\n\t\t\t\t\t<div class=\"elementor-column elementor-col-100 elementor-top-column elementor-element elementor-element-bc585c6\" data-id=\"bc585c6\" data-element_type=\"column\">\n\t\t\t<div class=\"elementor-column-wrap\">\n\t\t\t\t\t\t\t<div class=\"elementor-widget-wrap\">\n\t\t\t\t\t\t\t\t<\/div>\n\t\t\t\t\t<\/div>\n\t\t<\/div>\n\t\t\t\t\t\t\t\t<\/div>\n\t\t\t\t\t<\/div>\n\t\t<\/section>\n\t\t\t\t<section class=\"elementor-section elementor-top-section elementor-element elementor-element-32d4980 elementor-section-boxed elementor-section-height-default elementor-section-height-default\" data-id=\"32d4980\" data-element_type=\"section\">\n\t\t\t\t\t\t<div class=\"elementor-container elementor-column-gap-default\">\n\t\t\t\t\t\t\t<div class=\"elementor-row\">\n\t\t\t\t\t<div class=\"elementor-column elementor-col-100 elementor-top-column elementor-element elementor-element-e8e2c4a\" data-id=\"e8e2c4a\" data-element_type=\"column\">\n\t\t\t<div class=\"elementor-column-wrap elementor-element-populated\">\n\t\t\t\t\t\t\t<div class=\"elementor-widget-wrap\">\n\t\t\t\t\t\t<div class=\"elementor-element elementor-element-8c4694a elementor-widget elementor-widget-heading\" data-id=\"8c4694a\" data-element_type=\"widget\" data-widget_type=\"heading.default\">\n\t\t\t\t<div class=\"elementor-widget-container\">\n\t\t\t<h2 class=\"elementor-heading-title elementor-size-default\"><span style=\"color: #00b0a5;\">Pol\u00edtica de Cookies<\/span><\/h2>\t\t<\/div>\n\t\t\t\t<\/div>\n\t\t\t\t\t\t<\/div>\n\t\t\t\t\t<\/div>\n\t\t<\/div>\n\t\t\t\t\t\t\t\t<\/div>\n\t\t\t\t\t<\/div>\n\t\t<\/section>\n\t\t\t\t<section class=\"elementor-section elementor-top-section elementor-element elementor-element-cdfe7d6 elementor-section-full_width elementor-section-height-default elementor-section-height-default\" data-id=\"cdfe7d6\" data-element_type=\"section\">\n\t\t\t\t\t\t<div class=\"elementor-container elementor-column-gap-default\">\n\t\t\t\t\t\t\t<div class=\"elementor-row\">\n\t\t\t\t\t<div class=\"elementor-column elementor-col-100 elementor-top-column elementor-element elementor-element-b453ab1\" data-id=\"b453ab1\" data-element_type=\"column\">\n\t\t\t<div class=\"elementor-column-wrap elementor-element-populated\">\n\t\t\t\t\t\t\t<div class=\"elementor-widget-wrap\">\n\t\t\t\t\t\t<div class=\"elementor-element elementor-element-43cf627 elementor-widget elementor-widget-heading\" data-id=\"43cf627\" data-element_type=\"widget\" data-widget_type=\"heading.default\">\n\t\t\t\t<div class=\"elementor-widget-container\">\n\t\t\t<h3 class=\"elementor-heading-title elementor-size-default\">Pol\u00edtica de Cookies<\/h3>\t\t<\/div>\n\t\t\t\t<\/div>\n\t\t\t\t<div class=\"elementor-element elementor-element-1fdb51d elementor-widget elementor-widget-text-editor\" data-id=\"1fdb51d\" data-element_type=\"widget\" data-widget_type=\"text-editor.default\">\n\t\t\t\t<div class=\"elementor-widget-container\">\n\t\t\t\t\t\t\t\t<div class=\"elementor-text-editor elementor-clearfix\">\n\t\t\t\t<p>O IEP utiliza cookies para mejorar el funcionamiento y la experiencia del usuario conforme a lo que se describe a continuaci\u00f3n.<\/p>\n\t\t\t\t\t<\/div>\n\t\t\t\t\t\t<\/div>\n\t\t\t\t<\/div>\n\t\t\t\t<div class=\"elementor-element elementor-element-6955f66 elementor-widget elementor-widget-heading\" data-id=\"6955f66\" data-element_type=\"widget\" data-widget_type=\"heading.default\">\n\t\t\t\t<div class=\"elementor-widget-container\">\n\t\t\t<h3 class=\"elementor-heading-title elementor-size-default\">\u00bfQu\u00e9 son las cookies?<\/h3>\t\t<\/div>\n\t\t\t\t<\/div>\n\t\t\t\t<div class=\"elementor-element elementor-element-d59b934 elementor-widget elementor-widget-text-editor\" data-id=\"d59b934\" data-element_type=\"widget\" data-widget_type=\"text-editor.default\">\n\t\t\t\t<div class=\"elementor-widget-container\">\n\t\t\t\t\t\t\t\t<div class=\"elementor-text-editor elementor-clearfix\">\n\t\t\t\t<p>Las cookies son peque\u00f1os archivos de texto con informaci\u00f3n relevante que su dispositivo de acceso (ordenador, m\u00f3vil, smartphone o tableta) carga, a trav\u00e9s del navegador de Internet, cuando usted, como usuario, visita un sitio web.<\/p>\n<p>La utilizaci\u00f3n de cookies permite la optimizaci\u00f3n de la navegaci\u00f3n, adaptando la informaci\u00f3n y los servicios ofrecidos a los intereses de los usuarios para brindarles una experiencia mejorada cada vez que visiten la p\u00e1gina web.<\/p>\n<p>Las cookies usadas por IEP no recogen informaci\u00f3n personal que permita identificar al usuario. Guardan datos gen\u00e9ricos, espec\u00edficamente la forma o lugar\/pa\u00eds de acceso de los usuarios y el modo como usan los sitios web, entre otros. Las cookies retienen \u00fanicamente informaci\u00f3n relacionada con sus preferencias.<\/p>\n<p>Esta p\u00e1gina web utiliza cookies para personalizar, adaptar y mejorar la experiencia de navegaci\u00f3n de los usuarios, espec\u00edficamente para:<\/p>\n<p><strong>i.<\/strong>\u00a0Comprobar que las p\u00e1ginas est\u00e1n funcionando correctamente.<\/p>\n<p><strong>ii.<\/strong>\u00a0Almacenar las preferencias del usuario, as\u00ed como el idioma seleccionado y el tama\u00f1o del tipo de letra.<\/p>\n<p><strong>iii.<\/strong>\u00a0Descubrir los detalles de la experiencia de navegaci\u00f3n de los usuarios.<\/p>\n<p><strong>iv.<\/strong>\u00a0Recoger datos estad\u00edsticos an\u00f3nimos, como, por ejemplo, las p\u00e1ginas que el usuario visita y el tiempo que permanece en cada una de ellas.<\/p>\n<p>El usuario puede, en cualquier momento y a trav\u00e9s de su navegador de Internet, decidir recibir notificaciones sobre la recepci\u00f3n de cookies, as\u00ed como bloquear la correspondiente entrada en su sistema. Sin embargo, cabe destacar que rechazar el uso de las cookies en el sitio web tendr\u00e1 como resultado la imposibilidad de acceder a algunas de sus \u00e1reas y no se permitir\u00e1 una experiencia de navegaci\u00f3n completa.<\/p>\n\t\t\t\t\t<\/div>\n\t\t\t\t\t\t<\/div>\n\t\t\t\t<\/div>\n\t\t\t\t<div class=\"elementor-element elementor-element-dc91b2c elementor-widget elementor-widget-heading\" data-id=\"dc91b2c\" data-element_type=\"widget\" data-widget_type=\"heading.default\">\n\t\t\t\t<div class=\"elementor-widget-container\">\n\t\t\t<h3 class=\"elementor-heading-title elementor-size-default\">Tipo, fines y funcionamiento<\/h3>\t\t<\/div>\n\t\t\t\t<\/div>\n\t\t\t\t<div class=\"elementor-element elementor-element-2487185 elementor-widget elementor-widget-text-editor\" data-id=\"2487185\" data-element_type=\"widget\" data-widget_type=\"text-editor.default\">\n\t\t\t\t<div class=\"elementor-widget-container\">\n\t\t\t\t\t\t\t\t<div class=\"elementor-text-editor elementor-clearfix\">\n\t\t\t\t<p>Teniendo en cuenta el tiempo que el usuario permanezca en la p\u00e1gina, las cookies pueden clasificarse como:<\/p>\n<p><strong>Cookies permanentes:<\/strong>\u00a0Quedan almacenadas en sus dispositivos de acceso (ordenador, m\u00f3vil\/smartphone o tableta), en el navegador de Internet, y se utilizan siempre que el usuario visite el sitio web de nuevo. En general, se usan para dirigir la navegaci\u00f3n de acuerdo con los intereses del usuario, y as\u00ed se puede prestar un servicio m\u00e1s personalizado.<\/p>\n<p><strong>Cookies de sesi\u00f3n:<\/strong>\u00a0Son temporales, las cookies se generan y est\u00e1n disponibles hasta cerrar la sesi\u00f3n. La siguiente vez que el usuario acceda a su navegador de Internet, las cookies ya no estar\u00e1n almacenadas. Los datos obtenidos permiten gestionar las sesiones, identificar problemas y ofrecer una experiencia de navegaci\u00f3n mejorada.<\/p>\n<p>Con relaci\u00f3n a su funci\u00f3n, las cookies pueden clasificarse en:<\/p>\n<p><strong>Cookies esenciales:<\/strong>\u00a0Algunas cookies son esenciales para acceder a \u00e1reas espec\u00edficas de los sitios web. Permiten la navegaci\u00f3n en el sitio web y el uso de sus aplicaciones, tal como el acceso a \u00e1reas seguras de dicho sitio mediante el inicio de sesi\u00f3n. Sin estas cookies, los servicios que as\u00ed lo exijan no podr\u00e1n prestarse.<\/p>\n<p><strong>Cookies de funciones \/ rendimiento:<\/strong>\u00a0Las cookies de funcionalidad permiten recordar las preferencias del usuario con relaci\u00f3n a la navegaci\u00f3n en el sitio. De hecho, no necesita reconfigurarlo ni personalizarlo cada vez que lo visita.<\/p>\n<p><strong>Cookies anal\u00edticas:<\/strong>\u00a0Estas cookies se utilizan para analizar la forma en la que los usuarios utilizan el sitio web, y permiten destacar art\u00edculos o servicios que pueden ser del inter\u00e9s de dichos usuarios y supervisar el desempe\u00f1o del sitio, una vez que se conocen las p\u00e1ginas m\u00e1s populares, el m\u00e9todo de vinculaci\u00f3n entre p\u00e1ginas que es m\u00e1s eficaz, el m\u00e9todo para determinar la raz\u00f3n por la que algunas p\u00e1ginas reciben mensajes de errores. Estas cookies se utilizan \u00fanicamente a efectos de creaci\u00f3n y an\u00e1lisis estad\u00edstico, no se recogen nunca datos de car\u00e1cter personal y se ofrece una experiencia de alta calidad al personalizar su oferta y, r\u00e1pidamente, se identifican y corrigen los problemas que surjan.<\/p>\n\t\t\t\t\t<\/div>\n\t\t\t\t\t\t<\/div>\n\t\t\t\t<\/div>\n\t\t\t\t<div class=\"elementor-element elementor-element-6446e73 elementor-widget elementor-widget-heading\" data-id=\"6446e73\" data-element_type=\"widget\" data-widget_type=\"heading.default\">\n\t\t\t\t<div class=\"elementor-widget-container\">\n\t\t\t<h3 class=\"elementor-heading-title elementor-size-default\">Cookies en la apertura de los boletines y correos electr\u00f3nicos<\/h3>\t\t<\/div>\n\t\t\t\t<\/div>\n\t\t\t\t<div class=\"elementor-element elementor-element-919749a elementor-widget elementor-widget-text-editor\" data-id=\"919749a\" data-element_type=\"widget\" data-widget_type=\"text-editor.default\">\n\t\t\t\t<div class=\"elementor-widget-container\">\n\t\t\t\t\t\t\t\t<div class=\"elementor-text-editor elementor-clearfix\">\n\t\t\t\t<p>Los boletines\/correos electr\u00f3nicos pueden, con fines estad\u00edsticos, contener una peque\u00f1a imagen que permite saber si se abren y comprobar los clics a trav\u00e9s de enlaces o anuncios dentro del bolet\u00edn. El usuario tiene siempre la posibilidad de desactivar el env\u00edo del bolet\u00edn\/correo electr\u00f3nico a trav\u00e9s de la opci\u00f3n espec\u00edfica en el pie de p\u00e1gina de dicho bolet\u00edn\/correo electr\u00f3nico.<\/p>\n\t\t\t\t\t<\/div>\n\t\t\t\t\t\t<\/div>\n\t\t\t\t<\/div>\n\t\t\t\t<div class=\"elementor-element elementor-element-183fcfd elementor-widget elementor-widget-heading\" data-id=\"183fcfd\" data-element_type=\"widget\" data-widget_type=\"heading.default\">\n\t\t\t\t<div class=\"elementor-widget-container\">\n\t\t\t<h3 class=\"elementor-heading-title elementor-size-default\">Desactivar la utilizaci\u00f3n de cookies<\/h3>\t\t<\/div>\n\t\t\t\t<\/div>\n\t\t\t\t<div class=\"elementor-element elementor-element-d8b69ca elementor-widget elementor-widget-text-editor\" data-id=\"d8b69ca\" data-element_type=\"widget\" data-widget_type=\"text-editor.default\">\n\t\t\t\t<div class=\"elementor-widget-container\">\n\t\t\t\t\t\t\t\t<div class=\"elementor-text-editor elementor-clearfix\">\n\t\t\t\t<p>Todos los navegadores permiten que el usuario acepte, rechace o elimine las cookies, espec\u00edficamente, a trav\u00e9s de la selecci\u00f3n de los ajustes en su navegador. El usuario puede configurar las cookies en el men\u00fa \u00abOpciones\u00bb o \u00abPreferencias\u00bb de su navegador. Sin embargo, cabe destacar que, al desactivar las cookies, podr\u00e1 impedir que algunos servicios de la web funcionen correctamente, y esto afectar\u00e1, total o parcialmente, a la navegaci\u00f3n en la p\u00e1gina web.<\/p>\n<p>Los usuarios pueden desactivar el uso de las cookies en esta p\u00e1gina web en cualquier momento al:<\/p>\n<p>Modificar los ajustes del navegador, por ejemplo.<\/p>\n<p><strong>Google Chrome:<\/strong>\u00a0http:\/\/support.google.com\/chrome\/bin\/answer.py?hl=pt&amp;answer=95647<\/p>\n<p><strong>Internet Explorer:<\/strong>\u00a0http:\/\/windows.microsoft.com\/pt-pt\/windows7\/how-to-managecookies-in-internet-explorer-9<\/p>\n<p><strong>Mozilla Firefox:<\/strong>https:\/\/support.mozilla.org\/pt-PT\/kb\/Activar%20e%20Desactivar%20cookies<\/p>\n<p><strong>Apple Safari:<\/strong>\u00a0http:\/\/support.apple.com\/kb\/ph5042<\/p>\n\t\t\t\t\t<\/div>\n\t\t\t\t\t\t<\/div>\n\t\t\t\t<\/div>\n\t\t\t\t<div class=\"elementor-element elementor-element-27ab67c elementor-widget elementor-widget-heading\" data-id=\"27ab67c\" data-element_type=\"widget\" data-widget_type=\"heading.default\">\n\t\t\t\t<div class=\"elementor-widget-container\">\n\t\t\t<h3 class=\"elementor-heading-title elementor-size-default\">\u00bfQu\u00e9 sucede cuando las cookies est\u00e1n desactivadas?<\/h3>\t\t<\/div>\n\t\t\t\t<\/div>\n\t\t\t\t<div class=\"elementor-element elementor-element-fa5f180 elementor-widget elementor-widget-text-editor\" data-id=\"fa5f180\" data-element_type=\"widget\" data-widget_type=\"text-editor.default\">\n\t\t\t\t<div class=\"elementor-widget-container\">\n\t\t\t\t\t\t\t\t<div class=\"elementor-text-editor elementor-clearfix\">\n\t\t\t\t<p>Algunas funciones y servicios podr\u00e1n parar de funcionar o comportarse de manera inesperada, como, por ejemplo, la identificaci\u00f3n del usuario en determinadas p\u00e1ginas, mantener las compras en el carrito de compras para un servicio de comercio electr\u00f3nico o recibir informaci\u00f3n que tienen en consideraci\u00f3n la ubicaci\u00f3n del usuario, entre otros.<\/p>\n<p>Si desactiva las cookies de esta p\u00e1gina web, puede que no tenga acceso a determinadas \u00e1reas o que la calidad de su experiencia de navegaci\u00f3n sea considerablemente inferior.<\/p>\n\t\t\t\t\t<\/div>\n\t\t\t\t\t\t<\/div>\n\t\t\t\t<\/div>\n\t\t\t\t<div class=\"elementor-element elementor-element-4a49c42 elementor-widget elementor-widget-heading\" data-id=\"4a49c42\" data-element_type=\"widget\" data-widget_type=\"heading.default\">\n\t\t\t\t<div class=\"elementor-widget-container\">\n\t\t\t<h3 class=\"elementor-heading-title elementor-size-default\">Cookies utilizadas en esta p\u00e1gina web<\/h3>\t\t<\/div>\n\t\t\t\t<\/div>\n\t\t\t\t<div class=\"elementor-element elementor-element-0cdc07c elementor-widget elementor-widget-text-editor\" data-id=\"0cdc07c\" data-element_type=\"widget\" data-widget_type=\"text-editor.default\">\n\t\t\t\t<div class=\"elementor-widget-container\">\n\t\t\t\t\t\t\t\t<div class=\"elementor-text-editor elementor-clearfix\">\n\t\t\t\t<p><strong>Cookies de sesi\u00f3n \u2013\u00a0<\/strong>Para autenticaci\u00f3n del usuario en la plataforma digital, cuando proceda.<\/p>\n<p><strong>Cookies de terceros (Google Analytics) \u2013\u00a0<\/strong>Recoger informaci\u00f3n sobre el uso del sitio web. Esta informaci\u00f3n se recoge de forma an\u00f3nima y se utiliza para crear informes de visitas al sitio web, con el objetivo de mejorar sus funciones.<\/p>\n\t\t\t\t\t<\/div>\n\t\t\t\t\t\t<\/div>\n\t\t\t\t<\/div>\n\t\t\t\t<div class=\"elementor-element elementor-element-50cc884 elementor-widget elementor-widget-heading\" data-id=\"50cc884\" data-element_type=\"widget\" data-widget_type=\"heading.default\">\n\t\t\t\t<div class=\"elementor-widget-container\">\n\t\t\t<h3 class=\"elementor-heading-title elementor-size-default\">Garant\u00edas adicionales y revocaci\u00f3n de la aceptaci\u00f3n<\/h3>\t\t<\/div>\n\t\t\t\t<\/div>\n\t\t\t\t<div class=\"elementor-element elementor-element-b939b4c elementor-widget elementor-widget-text-editor\" data-id=\"b939b4c\" data-element_type=\"widget\" data-widget_type=\"text-editor.default\">\n\t\t\t\t<div class=\"elementor-widget-container\">\n\t\t\t\t\t\t\t\t<div class=\"elementor-text-editor elementor-clearfix\">\n\t\t\t\t<p>EL IEP no ser\u00e1 responsable del contenido y veracidad de las pol\u00edticas de privacidad de componentes de terceros eventualmente incluidos en esta p\u00e1gina web.<\/p>\n<p>Como garant\u00eda adicional, la grabaci\u00f3n de las cookies en esta p\u00e1gina web podr\u00e1 estar sujeta a que el usuario acepte las cookies durante su visita a la p\u00e1gina web y a la instalaci\u00f3n o actualizaci\u00f3n del navegador utilizado. Esta aceptaci\u00f3n podr\u00e1 revocarse, en cualquier momento, en los ajustes del contenido y la privacidad.<\/p>\n\t\t\t\t\t<\/div>\n\t\t\t\t\t\t<\/div>\n\t\t\t\t<\/div>\n\t\t\t\t<div class=\"elementor-element elementor-element-d47307f elementor-widget elementor-widget-heading\" data-id=\"d47307f\" data-element_type=\"widget\" data-widget_type=\"heading.default\">\n\t\t\t\t<div class=\"elementor-widget-container\">\n\t\t\t<h3 class=\"elementor-heading-title elementor-size-default\">Actualizaci\u00f3n de la pol\u00edtica de cookies<\/h3>\t\t<\/div>\n\t\t\t\t<\/div>\n\t\t\t\t<div class=\"elementor-element elementor-element-ac3f7c2 elementor-widget elementor-widget-text-editor\" data-id=\"ac3f7c2\" data-element_type=\"widget\" data-widget_type=\"text-editor.default\">\n\t\t\t\t<div class=\"elementor-widget-container\">\n\t\t\t\t\t\t\t\t<div class=\"elementor-text-editor elementor-clearfix\">\n\t\t\t\t<p>El IEP puede modificar esta pol\u00edtica de cookies, de conformidad con los requisitos legales o reglamentarios, o adaptar dicha pol\u00edtica a nuevas instrucciones decretadas por ley.<\/p>\n<p>Cuando existan modificaciones significativas a esta pol\u00edtica de cookies, los usuarios de la p\u00e1gina web recibir\u00e1n una notificaci\u00f3n.<\/p>\n\t\t\t\t\t<\/div>\n\t\t\t\t\t\t<\/div>\n\t\t\t\t<\/div>\n\t\t\t\t\t\t<\/div>\n\t\t\t\t\t<\/div>\n\t\t<\/div>\n\t\t\t\t\t\t\t\t<\/div>\n\t\t\t\t\t<\/div>\n\t\t<\/section>\n\t\t\t\t<section class=\"elementor-section elementor-top-section elementor-element elementor-element-af42fd2 elementor-section-full_width elementor-section-height-default elementor-section-height-default\" data-id=\"af42fd2\" data-element_type=\"section\">\n\t\t\t\t\t\t<div class=\"elementor-container elementor-column-gap-no\">\n\t\t\t\t\t\t\t<div class=\"elementor-row\">\n\t\t\t\t\t<div class=\"elementor-column elementor-col-100 elementor-top-column elementor-element elementor-element-b0a1f9b\" data-id=\"b0a1f9b\" data-element_type=\"column\">\n\t\t\t<div class=\"elementor-column-wrap elementor-element-populated\">\n\t\t\t\t\t\t\t<div class=\"elementor-widget-wrap\">\n\t\t\t\t\t\t<div class=\"elementor-element elementor-element-becfed4 elementor-widget elementor-widget-shortcode\" data-id=\"becfed4\" data-element_type=\"widget\" data-widget_type=\"shortcode.default\">\n\t\t\t\t<div class=\"elementor-widget-container\">\n\t\t\t\t\t<div class=\"elementor-shortcode\"><div role=\"form\" class=\"wpcf7\" id=\"wpcf7-f9070-o1\" lang=\"pt-PT\" dir=\"ltr\">\n<div class=\"screen-reader-response\"><p role=\"status\" aria-live=\"polite\" aria-atomic=\"true\"><\/p> <ul><\/ul><\/div>\n<form action=\"\/es\/wp-json\/wp\/v2\/pages\/13063?doing_wp_cron=1777657220.6031150817871093750000#wpcf7-f9070-o1\" method=\"post\" class=\"wpcf7-form init mailchimp-ext-0.5.68\" novalidate=\"novalidate\" data-status=\"init\">\n<div style=\"display: none;\">\n<input type=\"hidden\" name=\"_wpcf7\" value=\"9070\" \/>\n<input type=\"hidden\" name=\"_wpcf7_version\" value=\"5.5.6.1\" \/>\n<input type=\"hidden\" name=\"_wpcf7_locale\" value=\"pt_PT\" \/>\n<input type=\"hidden\" name=\"_wpcf7_unit_tag\" value=\"wpcf7-f9070-o1\" \/>\n<input type=\"hidden\" name=\"_wpcf7_container_post\" value=\"0\" \/>\n<input type=\"hidden\" name=\"_wpcf7_posted_data_hash\" value=\"\" \/>\n<input type=\"hidden\" name=\"_wpcf7cf_hidden_group_fields\" value=\"[]\" \/>\n<input type=\"hidden\" name=\"_wpcf7cf_hidden_groups\" value=\"[]\" \/>\n<input type=\"hidden\" name=\"_wpcf7cf_visible_groups\" value=\"[]\" \/>\n<input type=\"hidden\" name=\"_wpcf7cf_repeaters\" value=\"[]\" \/>\n<input type=\"hidden\" name=\"_wpcf7cf_steps\" value=\"{}\" \/>\n<input type=\"hidden\" name=\"_wpcf7cf_options\" value=\"{&quot;form_id&quot;:9070,&quot;conditions&quot;:[],&quot;settings&quot;:{&quot;animation&quot;:&quot;yes&quot;,&quot;animation_intime&quot;:200,&quot;animation_outtime&quot;:200,&quot;conditions_ui&quot;:&quot;normal&quot;,&quot;notice_dismissed&quot;:false,&quot;notice_dismissed_rollback-cf7-5.5.5&quot;:true}}\" \/>\n<input type=\"hidden\" name=\"_wpcf7_recaptcha_response\" value=\"\" \/>\n<\/div>\n<div style=\"display:flex; background-color:#00b0a5 !important;\" class=\"mobile-news\">\n<div style=\"flex: 0.8; padding-top: 50px;\">\n<p style=\"color:#ffffff;font-size: 30px; line-height: 140%; text-align: center; \">NEWSLETTER<\/p>\n<p style=\"color:#ffffff;font-size: 16px; line-height: 120%; text-align: center;\">Subscreva a e-news iep<\/p>\n<\/div>\n<div id=\"newsletter\" style=\"padding-top: 50px; padding-bottom:60px; flex: 1.2;\">\n<div style=\"display: flex;width: 75%;\">\n<span class=\"wpcf7-form-control-wrap your-email\"><input type=\"email\" name=\"your-email\" value=\"\" size=\"40\" class=\"wpcf7-form-control wpcf7-text wpcf7-email wpcf7-validates-as-required wpcf7-validates-as-email\" aria-required=\"true\" aria-invalid=\"false\" placeholder=\"Introduza aqui o seu email\" \/><\/span><br \/>\n<input type=\"submit\" value=\"Subscrever\" class=\"wpcf7-form-control has-spinner wpcf7-submit\" \/>\n<\/div>\n<div style=\"display:flex; margin-top:20px;width: 75%;\">\n<span class=\"wpcf7-form-control-wrap acceptance-477\"><span class=\"wpcf7-form-control wpcf7-acceptance\"><span class=\"wpcf7-list-item\"><label><input type=\"checkbox\" name=\"acceptance-477\" value=\"1\" aria-invalid=\"false\" \/><span class=\"wpcf7-list-item-label\">Li e concordo com a <a class=\"marco\" href=\"\/politica-de-privacidade\/\">Pol\u00edtica de Privacidade<\/a><\/span><\/label><\/span><\/span><\/span> <span class=\"wpcf7-form-control-wrap acceptance-478\"><span class=\"wpcf7-form-control wpcf7-acceptance\"><span class=\"wpcf7-list-item\"><label><input type=\"checkbox\" name=\"acceptance-478\" value=\"1\" aria-invalid=\"false\" \/><span class=\"wpcf7-list-item-label\">Li e concordo com a <a class=\"marco\" href=\"\/politica-de-cookies\/\">Pol\u00edtica de Cookies<\/a><\/span><\/label><\/span><\/span><\/span>\n<\/div>\n<\/div>\n<style>.marco{color:#fff !important; text-decoration: underline;}.marco:hover {text-decoration: underline;}<\/style>\n<\/div>\n<div class=\"wpcf7-response-output\" aria-hidden=\"true\"><\/div><p style=\"display: none !important\"><span class=\"wpcf7-form-control-wrap referer-page\"><input type=\"hidden\" name=\"referer-page\" value=\"https:\/\/www.iep.pt\/es\/wp-json\/wp\/v2\/pages\/13063\" data-value=\"https:\/\/www.iep.pt\/es\/wp-json\/wp\/v2\/pages\/13063\" class=\"wpcf7-form-control wpcf7-text referer-page\" aria-invalid=\"false\"><\/span><\/p>\n<!-- Chimpmatic extension by Renzo Johnson --><\/form><\/div><\/div>\n\t\t\t\t<\/div>\n\t\t\t\t<\/div>\n\t\t\t\t\t\t<\/div>\n\t\t\t\t\t<\/div>\n\t\t<\/div>\n\t\t\t\t\t\t\t\t<\/div>\n\t\t\t\t\t<\/div>\n\t\t<\/section>\n\t\t\t\t\t\t\t\t\t<\/div>\n\t\t\t<\/div>\n\t\t\t\t\t<\/div>\n\t\t","protected":false},"excerpt":{"rendered":"<p>Pol\u00edtica de Cookies Pol\u00edtica de Cookies O IEP utiliza cookies para mejorar el funcionamiento y la experiencia del usuario conforme a lo que se describe a continuaci\u00f3n. \u00bfQu\u00e9 son las &hellip;<\/p>\n<p class=\"read-more\"> <a class=\"ast-button\" href=\"https:\/\/www.iep.pt\/es\/politica-de-cookies\/\"> <span class=\"screen-reader-text\">Pol\u00edtica de Cookies<\/span> Descubra mais<\/a><\/p>\n","protected":false},"author":2,"featured_media":0,"parent":0,"menu_order":0,"comment_status":"closed","ping_status":"closed","template":"","meta":{"spay_email":""},"acf":[],"_links":{"self":[{"href":"https:\/\/www.iep.pt\/es\/wp-json\/wp\/v2\/pages\/13063"}],"collection":[{"href":"https:\/\/www.iep.pt\/es\/wp-json\/wp\/v2\/pages"}],"about":[{"href":"https:\/\/www.iep.pt\/es\/wp-json\/wp\/v2\/types\/page"}],"author":[{"embeddable":true,"href":"https:\/\/www.iep.pt\/es\/wp-json\/wp\/v2\/users\/2"}],"replies":[{"embeddable":true,"href":"https:\/\/www.iep.pt\/es\/wp-json\/wp\/v2\/comments?post=13063"}],"version-history":[{"count":0,"href":"https:\/\/www.iep.pt\/es\/wp-json\/wp\/v2\/pages\/13063\/revisions"}],"wp:attachment":[{"href":"https:\/\/www.iep.pt\/es\/wp-json\/wp\/v2\/media?parent=13063"}],"curies":[{"name":"wp","href":"https:\/\/api.w.org\/{rel}","templated":true}]}}