{"id":13065,"date":"2021-08-23T09:00:08","date_gmt":"2021-08-23T09:00:08","guid":{"rendered":"https:\/\/www.iep.pt\/politica-de-privacidad\/"},"modified":"2021-12-09T17:37:00","modified_gmt":"2021-12-09T17:37:00","slug":"politica-de-privacidad","status":"publish","type":"page","link":"https:\/\/www.iep.pt\/es\/politica-de-privacidad\/","title":{"rendered":"Pol\u00edtica de Privacidad"},"content":{"rendered":"\t\t<div data-elementor-type=\"wp-page\" data-elementor-id=\"13065\" class=\"elementor elementor-13065 elementor-10529\">\n\t\t\t\t\t\t<div class=\"elementor-inner\">\n\t\t\t\t<div class=\"elementor-section-wrap\">\n\t\t\t\t\t\t\t\t\t<section class=\"elementor-section elementor-top-section elementor-element elementor-element-71c09a8 elementor-section-height-min-height elementor-section-boxed elementor-section-height-default elementor-section-items-middle\" data-id=\"71c09a8\" data-element_type=\"section\" data-settings=\"{&quot;background_background&quot;:&quot;classic&quot;}\">\n\t\t\t\t\t\t<div class=\"elementor-container elementor-column-gap-default\">\n\t\t\t\t\t\t\t<div class=\"elementor-row\">\n\t\t\t\t\t<div class=\"elementor-column elementor-col-100 elementor-top-column elementor-element elementor-element-e7568f5\" data-id=\"e7568f5\" data-element_type=\"column\">\n\t\t\t<div class=\"elementor-column-wrap\">\n\t\t\t\t\t\t\t<div class=\"elementor-widget-wrap\">\n\t\t\t\t\t\t\t\t<\/div>\n\t\t\t\t\t<\/div>\n\t\t<\/div>\n\t\t\t\t\t\t\t\t<\/div>\n\t\t\t\t\t<\/div>\n\t\t<\/section>\n\t\t\t\t<section class=\"elementor-section elementor-top-section elementor-element elementor-element-968ddcb elementor-section-boxed elementor-section-height-default elementor-section-height-default\" data-id=\"968ddcb\" data-element_type=\"section\">\n\t\t\t\t\t\t<div class=\"elementor-container elementor-column-gap-default\">\n\t\t\t\t\t\t\t<div class=\"elementor-row\">\n\t\t\t\t\t<div class=\"elementor-column elementor-col-100 elementor-top-column elementor-element elementor-element-171a435\" data-id=\"171a435\" data-element_type=\"column\">\n\t\t\t<div class=\"elementor-column-wrap elementor-element-populated\">\n\t\t\t\t\t\t\t<div class=\"elementor-widget-wrap\">\n\t\t\t\t\t\t<div class=\"elementor-element elementor-element-817bd00 elementor-widget elementor-widget-heading\" data-id=\"817bd00\" data-element_type=\"widget\" data-widget_type=\"heading.default\">\n\t\t\t\t<div class=\"elementor-widget-container\">\n\t\t\t<h2 class=\"elementor-heading-title elementor-size-default\"><span style=\"color: #00b0a5;\">Pol\u00edtica de Privacidad<\/span><\/h2>\t\t<\/div>\n\t\t\t\t<\/div>\n\t\t\t\t\t\t<\/div>\n\t\t\t\t\t<\/div>\n\t\t<\/div>\n\t\t\t\t\t\t\t\t<\/div>\n\t\t\t\t\t<\/div>\n\t\t<\/section>\n\t\t\t\t<section class=\"elementor-section elementor-top-section elementor-element elementor-element-4ae30814 elementor-section-boxed elementor-section-height-default elementor-section-height-default\" data-id=\"4ae30814\" data-element_type=\"section\">\n\t\t\t\t\t\t<div class=\"elementor-container elementor-column-gap-default\">\n\t\t\t\t\t\t\t<div class=\"elementor-row\">\n\t\t\t\t\t<div class=\"elementor-column elementor-col-100 elementor-top-column elementor-element elementor-element-1cfbea2a\" data-id=\"1cfbea2a\" data-element_type=\"column\">\n\t\t\t<div class=\"elementor-column-wrap elementor-element-populated\">\n\t\t\t\t\t\t\t<div class=\"elementor-widget-wrap\">\n\t\t\t\t\t\t<div class=\"elementor-element elementor-element-28bb2390 elementor-widget elementor-widget-text-editor\" data-id=\"28bb2390\" data-element_type=\"widget\" data-widget_type=\"text-editor.default\">\n\t\t\t\t<div class=\"elementor-widget-container\">\n\t\t\t\t\t\t\t\t<div class=\"elementor-text-editor elementor-clearfix\">\n\t\t\t\t<p>La presente pol\u00edtica de privacidad regula el uso de las plataformas digitales (sitios web) propiedad de IEP. Si quiere ponerse en contacto con AJLIMA con relaci\u00f3n a asuntos vinculados con estas plataformas digitales, podr\u00e1 hacerlo a trav\u00e9s de la siguiente direcci\u00f3n de correo electr\u00f3nico rgpd@iep.pt. El acceso y uso de estos sitios web son de la total responsabilidad del usuario, que est\u00e1 sujeto a aceptar la presente pol\u00edtica de privacidad y el tratamiento de datos aqu\u00ed descritos. El uso de estas plataformas digitales, as\u00ed como las relaciones entre IEP y los usuarios se rigen por la legislaci\u00f3n portuguesa aplicable. IEP se reserva el derecho a revisar, en cualquier momento, la presente pol\u00edtica de privacidad y el tratamiento de datos aqu\u00ed descrito, siempre que lo considere conveniente, con o sin aviso previo. Esta pol\u00edtica de privacidad constituye un contrato entre el usuario y AJLIMA y se aplica a la utilizaci\u00f3n de estos sitios web. Es responsabilidad del usuario leer la pol\u00edtica de privacidad, siempre que acceda a los sitios web, para estar al tanto de cualquier modificaci\u00f3n efectuada, pues estos cambios pueden afectar a sus derechos.<\/p><h3>RECOGIDA Y TRATAMIENTO DE DATOS PERSONALES, PRINCIPIOS Y FINES<\/h3><p>AJLIMA es la responsable del tratamiento de los datos personales referentes a los usuarios directamente recogidos a trav\u00e9s de diversos medios. IEP se compromete a poner en pr\u00e1ctica las medidas t\u00e9cnicas y organizativas adecuadas para proteger los datos personales de sus usuarios contra su destrucci\u00f3n, accidental o il\u00edcita, la p\u00e9rdida accidental, modificaci\u00f3n, difusi\u00f3n o el acceso no autorizado. Se considera que se aplica un nivel de seguridad adecuado a los riesgos que el tratamiento presenta con relaci\u00f3n a la naturaleza de los datos que hay que proteger. De este modo, IEP podr\u00e1 recoger y guardar datos que, voluntariamente y con consentimiento, le hayan sido transmitidos, entre los que se incluyen, datos personales individualizados: nombre, direcci\u00f3n, direcci\u00f3n de correo electr\u00f3nico y n\u00famero de tel\u00e9fono. Antes del tratamiento y de la recogida de datos personales, IEP, directamente y ante sus titulares, indicar\u00e1 toda la informaci\u00f3n necesaria referente a dicho tratamiento y recoger\u00e1 la correspondiente autorizaci\u00f3n al efecto.<\/p><h3>DERECHOS DE LOS TITULARES DE LOS DATOS<\/h3><p>Los datos que los usuarios suministren ser\u00e1n tratados por IEP de acuerdo con los preceptos legalmente aplicables, espec\u00edficamente: a) se tratar\u00e1n de forma l\u00edcita y con respeto por el principio de la buena fe; b) se recoger\u00e1n para fines determinados, expl\u00edcitos y leg\u00edtimos, y no podr\u00e1n tratarse posteriormente; c) ser\u00e1n exactos y, si es necesario, se han de actualizar, y deber\u00e1n tomarse las medidas adecuadas para asegurar que se eliminen o rectifiquen los datos inexactos o incompletos, teniendo en cuenta los fines para los que se han recogido o para los que se tratar\u00e1n posteriormente; d) se conservar\u00e1n para permitir la identificaci\u00f3n de sus titulares solo durante el periodo necesario para los fines de recogida o del tratamiento posterior. Los datos solicitados en estas plataformas digitales no se consideran, en virtud de la legislaci\u00f3n aplicable, datos sensibles, y no se aplican, por consiguiente, las restricciones inherentes.<\/p><h3>TRANSFERENCIA DE DATOS<\/h3><p>IEP recoge los datos personales del usuario y los introduce en un archivo para realizar actividades relacionadas con sus plataformas digitales. Los datos recogidos podr\u00e1n transmitirse a otras sociedades participadas por IEP, con sede en la Uni\u00f3n Europea, para realizar cualquier actividad incluida en la iniciativa de las p\u00e1ginas web. La recogida y el tratamiento de datos personales se efectuar\u00e1n de conformidad con la ley portuguesa, aplicable y vigente, y todas las autorizaciones que, al efecto, sean necesarias, se han de obtener previamente en la Agencia Portuguesa de Protecci\u00f3n de Datos. De acuerdo con lo estipulado en la ley, IEP ha adoptado las medidas necesarias para garantizar que los datos facultados se protejan contra el acceso o el uso por parte de terceros no autorizados. Sin embargo, IEP advierte sobre el riesgo residual de acceso no autorizado a trav\u00e9s de Internet. Existen otros tipos de datos, en este caso no personales y no individualizados, que se registran \u00fanicamente para ayudar a mantener los sitios web en buen funcionamiento y garantizar una buena experiencia de navegaci\u00f3n a quien los visita. Son datos estad\u00edsticos que, normalmente y por definici\u00f3n, se registran a trav\u00e9s de la ventana de navegaci\u00f3n en Internet (navegador) como, por ejemplo: la direcci\u00f3n del sitio web en Internet que ha tra\u00eddo al usuario directamente al sitio web de IEP, las p\u00e1ginas m\u00e1s visitadas dentro del sitio web, el tipo de navegador, el sistema operativo, etc.<\/p><h3>SEGURIDAD Y UTILIZACI\u00d3N DE LA INFORMACI\u00d3N<\/h3><p>IEP se compromete a asegurar la privacidad de los usuarios registrados. IEP no vende ni alquila a terceros dato personal alguno que los usuarios registrados hayan enviado. Pese a los esfuerzos de IEP por proteger sus datos personales, debido a que estos se recogen a trav\u00e9s de una red abierta \u2014Internet\u2014, podr\u00edan circular en dicha red sin condiciones de seguridad y correr el riesgo de que sean vistos y utilizados por terceros no autorizados.<\/p><h3>PLAZO DE CONSERVACI\u00d3N DE LOS DATOS PERSONALES<\/h3><p>Tras la recogida de datos personales individualizados, que voluntariamente le hayan sido transmitidos, AJLIMA los conservar\u00e1 y mantendr\u00e1 hasta recibir instrucciones contrarias, o hasta que se exija por ley. Conservar esta informaci\u00f3n permite a AJLIMA seguir prestando servicios personalizados sin interrupci\u00f3n.<\/p><p><div role=\"form\" class=\"wpcf7\" id=\"wpcf7-f13274-o1\" lang=\"pt-PT\" dir=\"ltr\">\n<div class=\"screen-reader-response\"><p role=\"status\" aria-live=\"polite\" aria-atomic=\"true\"><\/p> <ul><\/ul><\/div>\n<form action=\"\/es\/wp-json\/wp\/v2\/pages\/13065?doing_wp_cron=1777653731.5208799839019775390625#wpcf7-f13274-o1\" method=\"post\" class=\"wpcf7-form init mailchimp-ext-0.5.68\" novalidate=\"novalidate\" data-status=\"init\">\n<div style=\"display: none;\">\n<input type=\"hidden\" name=\"_wpcf7\" value=\"13274\" \/>\n<input type=\"hidden\" name=\"_wpcf7_version\" value=\"5.5.6.1\" \/>\n<input type=\"hidden\" name=\"_wpcf7_locale\" value=\"pt_PT\" \/>\n<input type=\"hidden\" name=\"_wpcf7_unit_tag\" value=\"wpcf7-f13274-o1\" \/>\n<input type=\"hidden\" name=\"_wpcf7_container_post\" value=\"0\" \/>\n<input type=\"hidden\" name=\"_wpcf7_posted_data_hash\" value=\"\" \/>\n<input type=\"hidden\" name=\"_wpcf7cf_hidden_group_fields\" value=\"[]\" \/>\n<input type=\"hidden\" name=\"_wpcf7cf_hidden_groups\" value=\"[]\" \/>\n<input type=\"hidden\" name=\"_wpcf7cf_visible_groups\" value=\"[]\" \/>\n<input type=\"hidden\" name=\"_wpcf7cf_repeaters\" value=\"[]\" \/>\n<input type=\"hidden\" name=\"_wpcf7cf_steps\" value=\"{}\" \/>\n<input type=\"hidden\" name=\"_wpcf7cf_options\" value=\"{&quot;form_id&quot;:13274,&quot;conditions&quot;:[],&quot;settings&quot;:{&quot;animation&quot;:&quot;yes&quot;,&quot;animation_intime&quot;:200,&quot;animation_outtime&quot;:200,&quot;conditions_ui&quot;:&quot;normal&quot;,&quot;notice_dismissed&quot;:false,&quot;notice_dismissed_rollback-cf7-5.5.5&quot;:true}}\" \/>\n<input type=\"hidden\" name=\"_wpcf7_recaptcha_response\" value=\"\" \/>\n<\/div>\n<div style=\"display:flex; background-color:#00b0a5 !important;\">\n<div style=\"flex: 0.8; padding-top: 50px;\">\n<p style=\"color:#ffffff;font-size: 30px; line-height: 140%; text-align: center; \">NEWSLETTER<\/p>\n<p style=\"color:#ffffff;font-size: 16px; line-height: 120%; text-align: center;\">Subscr\u00edbete a e-news iep<\/p>\n<\/div>\n<div id=\"newsletter\" style=\"padding-top: 50px; padding-bottom:60px; flex: 1.2;\">\n<div style=\"display: flex;width: 75%;\">\n<span class=\"wpcf7-form-control-wrap your-email\"><input type=\"email\" name=\"your-email\" value=\"\" size=\"40\" class=\"wpcf7-form-control wpcf7-text wpcf7-email wpcf7-validates-as-required wpcf7-validates-as-email\" aria-required=\"true\" aria-invalid=\"false\" placeholder=\"Introduce aqu\u00ed tu correo electr\u00f3nico\" \/><\/span><br \/>\n<input type=\"submit\" value=\"Subscribir\" class=\"wpcf7-form-control has-spinner wpcf7-submit\" \/>\n<\/div>\n<div style=\"display:flex; margin-top:20px;width: 75%;\">\n<span class=\"wpcf7-form-control-wrap acceptance-477\"><span class=\"wpcf7-form-control wpcf7-acceptance\"><span class=\"wpcf7-list-item\"><label><input type=\"checkbox\" name=\"acceptance-477\" value=\"1\" aria-invalid=\"false\" \/><span class=\"wpcf7-list-item-label\">He le\u00eddo y acepto la <a class=\"marco\" href=\"\/es\/politica-de-privacidad\/\">  Pol\u00edtica de Privacidad<\/a><\/span><\/label><\/span><\/span><\/span> <span class=\"wpcf7-form-control-wrap acceptance-478\"><span class=\"wpcf7-form-control wpcf7-acceptance\"><span class=\"wpcf7-list-item\"><label><input type=\"checkbox\" name=\"acceptance-478\" value=\"1\" aria-invalid=\"false\" \/><span class=\"wpcf7-list-item-label\">He le\u00eddo y acepto la <a class=\"marco\" href=\"\/es\/politica-de-cookies\/\">  Pol\u00edtica de Cookies <\/a><\/span><\/label><\/span><\/span><\/span>\n<\/div>\n<\/div>\n<style>.marco{color:#fff !important; text-decoration: underline;}.marco:hover {text-decoration: underline;}<\/style>\n<\/div>\n<div class=\"wpcf7-response-output\" aria-hidden=\"true\"><\/div><p style=\"display: none !important\"><span class=\"wpcf7-form-control-wrap referer-page\"><input type=\"hidden\" name=\"referer-page\" value=\"https:\/\/www.iep.pt\/es\/wp-json\/wp\/v2\/pages\/13065\" data-value=\"https:\/\/www.iep.pt\/es\/wp-json\/wp\/v2\/pages\/13065\" class=\"wpcf7-form-control wpcf7-text referer-page\" aria-invalid=\"false\"><\/span><\/p>\n<!-- Chimpmatic extension by Renzo Johnson --><\/form><\/div><\/p>\t\t\t\t\t<\/div>\n\t\t\t\t\t\t<\/div>\n\t\t\t\t<\/div>\n\t\t\t\t\t\t<\/div>\n\t\t\t\t\t<\/div>\n\t\t<\/div>\n\t\t\t\t\t\t\t\t<\/div>\n\t\t\t\t\t<\/div>\n\t\t<\/section>\n\t\t\t\t\t\t\t\t\t<\/div>\n\t\t\t<\/div>\n\t\t\t\t\t<\/div>\n\t\t","protected":false},"excerpt":{"rendered":"<p>Pol\u00edtica de Privacidad La presente pol\u00edtica de privacidad regula el uso de las plataformas digitales (sitios web) propiedad de IEP. Si quiere ponerse en contacto con AJLIMA con relaci\u00f3n a &hellip;<\/p>\n<p class=\"read-more\"> <a class=\"ast-button\" href=\"https:\/\/www.iep.pt\/es\/politica-de-privacidad\/\"> <span class=\"screen-reader-text\">Pol\u00edtica de Privacidad<\/span> Descubra mais<\/a><\/p>\n","protected":false},"author":2,"featured_media":0,"parent":0,"menu_order":0,"comment_status":"closed","ping_status":"closed","template":"","meta":{"spay_email":""},"acf":[],"_links":{"self":[{"href":"https:\/\/www.iep.pt\/es\/wp-json\/wp\/v2\/pages\/13065"}],"collection":[{"href":"https:\/\/www.iep.pt\/es\/wp-json\/wp\/v2\/pages"}],"about":[{"href":"https:\/\/www.iep.pt\/es\/wp-json\/wp\/v2\/types\/page"}],"author":[{"embeddable":true,"href":"https:\/\/www.iep.pt\/es\/wp-json\/wp\/v2\/users\/2"}],"replies":[{"embeddable":true,"href":"https:\/\/www.iep.pt\/es\/wp-json\/wp\/v2\/comments?post=13065"}],"version-history":[{"count":0,"href":"https:\/\/www.iep.pt\/es\/wp-json\/wp\/v2\/pages\/13065\/revisions"}],"wp:attachment":[{"href":"https:\/\/www.iep.pt\/es\/wp-json\/wp\/v2\/media?parent=13065"}],"curies":[{"name":"wp","href":"https:\/\/api.w.org\/{rel}","templated":true}]}}